{"id":29972,"date":"2021-01-27T12:56:52","date_gmt":"2021-01-27T11:56:52","guid":{"rendered":"https:\/\/ldk.swiss\/?page_id=29972"},"modified":"2022-05-24T09:54:55","modified_gmt":"2022-05-24T07:54:55","slug":"produits","status":"publish","type":"page","link":"https:\/\/ldk.swiss\/de\/produits\/","title":{"rendered":"Produkte"},"content":{"rendered":"<div data-elementor-type=\"wp-page\" data-elementor-id=\"29972\" class=\"elementor elementor-29972\">\n\t\t\t\t\t\t<section class=\"elementor-section elementor-top-section elementor-element elementor-element-16bbb80 elementor-section-boxed elementor-section-height-default elementor-section-height-default\" data-id=\"16bbb80\" data-element_type=\"section\">\n\t\t\t\t\t\t<div class=\"elementor-container elementor-column-gap-default\">\n\t\t\t\t\t<div class=\"make-column-clickable-elementor elementor-column elementor-col-33 elementor-top-column elementor-element elementor-element-ddfcf73\" style=\"cursor: pointer;\" data-column-clickable=\"https:\/\/ldk.swiss\/profileled\" data-column-clickable-blank=\"_self\" data-id=\"ddfcf73\" data-element_type=\"column\">\n\t\t\t<div class=\"elementor-widget-wrap elementor-element-populated\">\n\t\t\t\t\t\t<div class=\"elementor-element elementor-element-7c9cef5 elementor-widget elementor-widget-heading\" data-id=\"7c9cef5\" data-element_type=\"widget\" data-widget_type=\"heading.default\">\n\t\t\t\t<div class=\"elementor-widget-container\">\n\t\t\t<h2 class=\"elementor-heading-title elementor-size-default\">LED Profile<\/h2>\t\t<\/div>\n\t\t\t\t<\/div>\n\t\t\t\t<div class=\"elementor-element elementor-element-a26ca7f elementor-widget elementor-widget-text-editor\" data-id=\"a26ca7f\" data-element_type=\"widget\" data-widget_type=\"text-editor.default\">\n\t\t\t\t<div class=\"elementor-widget-container\">\n\t\t\t\t\t\t\t<p>\u00a0<\/p><p>\u00a0<\/p><p>\u00a0<\/p><p>\u00a0<\/p><p>\u00a0<\/p><p><br \/><br \/><\/p>\t\t\t\t\t\t<\/div>\n\t\t\t\t<\/div>\n\t\t\t\t<div class=\"elementor-element elementor-element-34840a3 elementor-widget elementor-widget-text-editor\" data-id=\"34840a3\" data-element_type=\"widget\" data-widget_type=\"text-editor.default\">\n\t\t\t\t<div class=\"elementor-widget-container\">\n\t\t\t\t\t\t\t<p>Wir haben eine grosse Auswahl an Profilen. Die L\u00e4ngen betragen in der Regel 6m. Das Material der von uns entwickelten Abdeckungen besteht aus PMMA.<\/p>\t\t\t\t\t\t<\/div>\n\t\t\t\t<\/div>\n\t\t\t\t\t<\/div>\n\t\t<\/div>\n\t\t\t\t<div class=\"make-column-clickable-elementor elementor-column elementor-col-33 elementor-top-column elementor-element elementor-element-c261008\" style=\"cursor: pointer;\" data-column-clickable=\"https:\/\/ldk.swiss\/aquaflex\/\" data-column-clickable-blank=\"_self\" data-id=\"c261008\" data-element_type=\"column\">\n\t\t\t<div class=\"elementor-widget-wrap elementor-element-populated\">\n\t\t\t\t\t\t<div class=\"elementor-element elementor-element-bb4b8b9 elementor-widget elementor-widget-heading\" data-id=\"bb4b8b9\" data-element_type=\"widget\" data-widget_type=\"heading.default\">\n\t\t\t\t<div class=\"elementor-widget-container\">\n\t\t\t<h2 class=\"elementor-heading-title elementor-size-default\">AquaFlex<\/h2>\t\t<\/div>\n\t\t\t\t<\/div>\n\t\t\t\t<div class=\"elementor-element elementor-element-fad23d4 elementor-widget elementor-widget-text-editor\" data-id=\"fad23d4\" data-element_type=\"widget\" data-widget_type=\"text-editor.default\">\n\t\t\t\t<div class=\"elementor-widget-container\">\n\t\t\t\t\t\t\t<p>\u00a0<\/p><p>\u00a0<\/p><p>\u00a0<\/p><p>\u00a0<\/p><p>\u00a0<\/p><p><br \/><br \/><\/p>\t\t\t\t\t\t<\/div>\n\t\t\t\t<\/div>\n\t\t\t\t<div class=\"elementor-element elementor-element-6fa5b92 elementor-widget elementor-widget-text-editor\" data-id=\"6fa5b92\" data-element_type=\"widget\" data-widget_type=\"text-editor.default\">\n\t\t\t\t<div class=\"elementor-widget-container\">\n\t\t\t\t\t\t\t<p>Unsere neue Reihe wasserdichte LEDs eignet sich perfekt f\u00fcr Ihre Au\u00dfen- und Innenprojekte.<\/p>\t\t\t\t\t\t<\/div>\n\t\t\t\t<\/div>\n\t\t\t\t\t<\/div>\n\t\t<\/div>\n\t\t\t\t<div class=\"make-column-clickable-elementor elementor-column elementor-col-33 elementor-top-column elementor-element elementor-element-8004de6\" style=\"cursor: pointer;\" data-column-clickable=\"https:\/\/ldk.swiss\/convertisseur\/\" data-column-clickable-blank=\"_self\" data-id=\"8004de6\" data-element_type=\"column\">\n\t\t\t<div class=\"elementor-widget-wrap elementor-element-populated\">\n\t\t\t\t\t\t<div class=\"elementor-element elementor-element-8d37f00 elementor-widget elementor-widget-heading\" data-id=\"8d37f00\" data-element_type=\"widget\" data-widget_type=\"heading.default\">\n\t\t\t\t<div class=\"elementor-widget-container\">\n\t\t\t<h2 class=\"elementor-heading-title elementor-size-default\">Konverter<\/h2>\t\t<\/div>\n\t\t\t\t<\/div>\n\t\t\t\t<div class=\"elementor-element elementor-element-abd9c80 elementor-widget elementor-widget-text-editor\" data-id=\"abd9c80\" data-element_type=\"widget\" data-widget_type=\"text-editor.default\">\n\t\t\t\t<div class=\"elementor-widget-container\">\n\t\t\t\t\t\t\t<p>\u00a0<\/p><p>\u00a0<\/p><p>\u00a0<\/p><p>\u00a0<\/p><p>\u00a0<\/p><p><br \/><br \/><\/p>\t\t\t\t\t\t<\/div>\n\t\t\t\t<\/div>\n\t\t\t\t<div class=\"elementor-element elementor-element-27320ef elementor-widget elementor-widget-text-editor\" data-id=\"27320ef\" data-element_type=\"widget\" data-widget_type=\"text-editor.default\">\n\t\t\t\t<div class=\"elementor-widget-container\">\n\t\t\t\t\t\t\t<p>Nous conseillons \u00e0 nos clients des convertisseurs de marque connue. Nous misons sur la s\u00e9curit\u00e9 et la performance de l&rsquo;appareillage.<\/p>\t\t\t\t\t\t<\/div>\n\t\t\t\t<\/div>\n\t\t\t\t\t<\/div>\n\t\t<\/div>\n\t\t\t\t\t<\/div>\n\t\t<\/section>\n\t\t\t\t<\/div>","protected":false},"excerpt":{"rendered":"<p>Profil\u00e9s LED \u00a0 \u00a0 \u00a0 \u00a0 \u00a0 Nous avons un large choix de profils. Les longueurs sont g\u00e9n\u00e9ralement de 6m. La mati\u00e8re des \u00e9crans d\u00e9velopp\u00e9s par nos soins sont en PMMA. AquaFlex \u00a0 \u00a0 \u00a0 \u00a0 \u00a0 Notre nouvelle gamme de led \u00e9tanche sera parfaite pour vos projets ext\u00e9rieur et int\u00e9rieur. Convertisseurs \u00a0 \u00a0 \u00a0 [&hellip;]<\/p>","protected":false},"author":1,"featured_media":0,"parent":0,"menu_order":0,"comment_status":"closed","ping_status":"closed","template":"elementor_header_footer","meta":{"_et_pb_use_builder":"","_et_pb_old_content":"","_et_gb_content_width":"","footnotes":""},"_links":{"self":[{"href":"https:\/\/ldk.swiss\/de\/wp-json\/wp\/v2\/pages\/29972"}],"collection":[{"href":"https:\/\/ldk.swiss\/de\/wp-json\/wp\/v2\/pages"}],"about":[{"href":"https:\/\/ldk.swiss\/de\/wp-json\/wp\/v2\/types\/page"}],"author":[{"embeddable":true,"href":"https:\/\/ldk.swiss\/de\/wp-json\/wp\/v2\/users\/1"}],"replies":[{"embeddable":true,"href":"https:\/\/ldk.swiss\/de\/wp-json\/wp\/v2\/comments?post=29972"}],"version-history":[{"count":84,"href":"https:\/\/ldk.swiss\/de\/wp-json\/wp\/v2\/pages\/29972\/revisions"}],"predecessor-version":[{"id":40862,"href":"https:\/\/ldk.swiss\/de\/wp-json\/wp\/v2\/pages\/29972\/revisions\/40862"}],"wp:attachment":[{"href":"https:\/\/ldk.swiss\/de\/wp-json\/wp\/v2\/media?parent=29972"}],"curies":[{"name":"wp","href":"https:\/\/api.w.org\/{rel}","templated":true}]}}