{"id":38451,"date":"2021-04-21T14:51:12","date_gmt":"2021-04-21T12:51:12","guid":{"rendered":"https:\/\/ldk.swiss\/?page_id=38451"},"modified":"2026-02-23T15:45:11","modified_gmt":"2026-02-23T14:45:11","slug":"catalogue","status":"publish","type":"page","link":"https:\/\/ldk.swiss\/de\/catalogue\/","title":{"rendered":"Katalog 2021"},"content":{"rendered":"<div data-elementor-type=\"wp-page\" data-elementor-id=\"38451\" class=\"elementor elementor-38451\">\n\t\t\t\t\t\t<section class=\"elementor-section elementor-top-section elementor-element elementor-element-c5b700a elementor-section-boxed elementor-section-height-default elementor-section-height-default\" data-id=\"c5b700a\" data-element_type=\"section\">\n\t\t\t\t\t\t<div class=\"elementor-container elementor-column-gap-default\">\n\t\t\t\t\t<div class=\"elementor-column elementor-col-100 elementor-top-column elementor-element elementor-element-71202cb\" data-id=\"71202cb\" data-element_type=\"column\">\n\t\t\t<div class=\"elementor-widget-wrap elementor-element-populated\">\n\t\t\t\t\t\t<div class=\"elementor-element elementor-element-3b16476 elementor-widget__width-initial elementor-widget-mobile__width-initial elementor-widget elementor-widget-heading\" data-id=\"3b16476\" data-element_type=\"widget\" data-widget_type=\"heading.default\">\n\t\t\t\t<div class=\"elementor-widget-container\">\n\t\t\t<h2 class=\"elementor-heading-title elementor-size-default\">Laden Sie jetzt den Katalog 2026 herunter<\/h2>\t\t<\/div>\n\t\t\t\t<\/div>\n\t\t\t\t<div class=\"elementor-element elementor-element-b14bc03 elementor-widget__width-initial elementor-widget elementor-widget-image\" data-id=\"b14bc03\" data-element_type=\"widget\" data-widget_type=\"image.default\">\n\t\t\t\t<div class=\"elementor-widget-container\">\n\t\t\t\t\t\t\t\t\t\t\t\t\t<img decoding=\"async\" src=\"https:\/\/ldk.swiss\/wp-content\/uploads\/elementor\/thumbs\/logo_download-p40oxtv2e5v0tci8orahbq9lvj2shq2dl74lrfuxjk.png\" title=\"logo_download\" alt=\"logo_download\" loading=\"lazy\" \/>\t\t\t\t\t\t\t\t\t\t\t\t\t<\/div>\n\t\t\t\t<\/div>\n\t\t\t\t\t<\/div>\n\t\t<\/div>\n\t\t\t\t\t<\/div>\n\t\t<\/section>\n\t\t\t\t<section class=\"elementor-section elementor-top-section elementor-element elementor-element-a48b3a2 elementor-section-stretched elementor-section-boxed elementor-section-height-default elementor-section-height-default\" data-id=\"a48b3a2\" data-element_type=\"section\" data-settings=\"{&quot;stretch_section&quot;:&quot;section-stretched&quot;}\">\n\t\t\t\t\t\t<div class=\"elementor-container elementor-column-gap-default\">\n\t\t\t\t\t<div class=\"elementor-column elementor-col-33 elementor-top-column elementor-element elementor-element-8a079d2\" data-id=\"8a079d2\" data-element_type=\"column\">\n\t\t\t<div class=\"elementor-widget-wrap elementor-element-populated\">\n\t\t\t\t\t\t<div class=\"elementor-element elementor-element-4f8f30f elementor-widget elementor-widget-image\" data-id=\"4f8f30f\" data-element_type=\"widget\" data-widget_type=\"image.default\">\n\t\t\t\t<div class=\"elementor-widget-container\">\n\t\t\t\t\t\t\t\t\t\t\t\t\t\t<a href=\"https:\/\/online.fliphtml5.com\/igpob\/Catalogue_2026_LDK\/\" target=\"_blank\">\n\t\t\t\t\t\t\t<img decoding=\"async\" src=\"https:\/\/ldk.swiss\/wp-content\/uploads\/elementor\/thumbs\/Page-couv-FR-rhau6xgv6a9vsqt1518iwahmsxhp4n9rtkin13wn84.webp\" title=\"Page couv FR\" alt=\"Page couv FR\" loading=\"lazy\" \/>\t\t\t\t\t\t\t\t<\/a>\n\t\t\t\t\t\t\t\t\t\t\t\t\t<\/div>\n\t\t\t\t<\/div>\n\t\t\t\t<div class=\"elementor-element elementor-element-1f143e5 elementor-widget__width-initial elementor-widget elementor-widget-heading\" data-id=\"1f143e5\" data-element_type=\"widget\" data-widget_type=\"heading.default\">\n\t\t\t\t<div class=\"elementor-widget-container\">\n\t\t\t<h2 class=\"elementor-heading-title elementor-size-default\"><a href=\"https:\/\/ldk.swiss\/wp-content\/uploads\/2026\/01\/Catalogue_LDK_2026.pdf\" download=\"\">Franz\u00f6sisch<\/a><\/h2>\t\t<\/div>\n\t\t\t\t<\/div>\n\t\t\t\t<div class=\"elementor-element elementor-element-59a8b7c elementor-widget__width-initial elementor-widget elementor-widget-image\" data-id=\"59a8b7c\" data-element_type=\"widget\" data-widget_type=\"image.default\">\n\t\t\t\t<div class=\"elementor-widget-container\">\n\t\t\t\t\t\t\t\t\t\t\t\t\t\t<a href=\"https:\/\/ldk.swiss\/wp-content\/uploads\/2026\/02\/Catalogue_LDK_2026.pdf\" download=\"\">\n\t\t\t\t\t\t\t<img decoding=\"async\" src=\"https:\/\/ldk.swiss\/wp-content\/uploads\/elementor\/thumbs\/logo_download-p40oxtv2e5v0tci8orahbq9lvj2shq2dl74lrfuxjk.png\" title=\"logo_download\" alt=\"logo_download\" loading=\"lazy\" \/>\t\t\t\t\t\t\t\t<\/a>\n\t\t\t\t\t\t\t\t\t\t\t\t\t<\/div>\n\t\t\t\t<\/div>\n\t\t\t\t\t<\/div>\n\t\t<\/div>\n\t\t\t\t<div class=\"elementor-column elementor-col-33 elementor-top-column elementor-element elementor-element-f2cffec elementor-hidden-phone\" data-id=\"f2cffec\" data-element_type=\"column\">\n\t\t\t<div class=\"elementor-widget-wrap\">\n\t\t\t\t\t\t\t<\/div>\n\t\t<\/div>\n\t\t\t\t<div class=\"elementor-column elementor-col-33 elementor-top-column elementor-element elementor-element-22e998f\" data-id=\"22e998f\" data-element_type=\"column\">\n\t\t\t<div class=\"elementor-widget-wrap elementor-element-populated\">\n\t\t\t\t\t\t<div class=\"elementor-element elementor-element-94e365d elementor-widget elementor-widget-image\" data-id=\"94e365d\" data-element_type=\"widget\" data-widget_type=\"image.default\">\n\t\t\t\t<div class=\"elementor-widget-container\">\n\t\t\t\t\t\t\t\t\t\t\t\t\t\t<a href=\"https:\/\/online.fliphtml5.com\/igpob\/Katalog_LDK_2026\/#p=1\" target=\"_blank\">\n\t\t\t\t\t\t\t<img decoding=\"async\" src=\"https:\/\/ldk.swiss\/wp-content\/uploads\/elementor\/thumbs\/Page-couv-DE-rhau6tpiey4qiayhqzm0mbfsfe089uuuh1wp4027x0.webp\" title=\"Page couv DE\" alt=\"Page couv DE\" loading=\"lazy\" \/>\t\t\t\t\t\t\t\t<\/a>\n\t\t\t\t\t\t\t\t\t\t\t\t\t<\/div>\n\t\t\t\t<\/div>\n\t\t\t\t<div class=\"elementor-element elementor-element-9689d0a elementor-widget__width-initial elementor-widget elementor-widget-heading\" data-id=\"9689d0a\" data-element_type=\"widget\" data-widget_type=\"heading.default\">\n\t\t\t\t<div class=\"elementor-widget-container\">\n\t\t\t<h2 class=\"elementor-heading-title elementor-size-default\"><a href=\"https:\/\/ldk.swiss\/wp-content\/uploads\/2026\/01\/Katalog_LDK_2026.pdf\" download=\"\">Deutsch<\/a><\/h2>\t\t<\/div>\n\t\t\t\t<\/div>\n\t\t\t\t<div class=\"elementor-element elementor-element-fb61dcd elementor-widget__width-initial elementor-widget elementor-widget-image\" data-id=\"fb61dcd\" data-element_type=\"widget\" data-widget_type=\"image.default\">\n\t\t\t\t<div class=\"elementor-widget-container\">\n\t\t\t\t\t\t\t\t\t\t\t\t\t\t<a href=\"https:\/\/ldk.swiss\/wp-content\/uploads\/2026\/02\/Katalog_LDK_2026.pdf\" download=\"\">\n\t\t\t\t\t\t\t<img decoding=\"async\" src=\"https:\/\/ldk.swiss\/wp-content\/uploads\/elementor\/thumbs\/logo_download-p40oxtv2e5v0tci8orahbq9lvj2shq2dl74lrfuxjk.png\" title=\"logo_download\" alt=\"logo_download\" loading=\"lazy\" \/>\t\t\t\t\t\t\t\t<\/a>\n\t\t\t\t\t\t\t\t\t\t\t\t\t<\/div>\n\t\t\t\t<\/div>\n\t\t\t\t\t<\/div>\n\t\t<\/div>\n\t\t\t\t\t<\/div>\n\t\t<\/section>\n\t\t\t\t<\/div>","protected":false},"excerpt":{"rendered":"<p>T\u00e9l\u00e9charger maintenant le catalogue 2026 Fran\u00e7ais Deutsch<\/p>","protected":false},"author":1,"featured_media":0,"parent":0,"menu_order":0,"comment_status":"closed","ping_status":"closed","template":"elementor_header_footer","meta":{"_et_pb_use_builder":"","_et_pb_old_content":"","_et_gb_content_width":"","footnotes":""},"_links":{"self":[{"href":"https:\/\/ldk.swiss\/de\/wp-json\/wp\/v2\/pages\/38451"}],"collection":[{"href":"https:\/\/ldk.swiss\/de\/wp-json\/wp\/v2\/pages"}],"about":[{"href":"https:\/\/ldk.swiss\/de\/wp-json\/wp\/v2\/types\/page"}],"author":[{"embeddable":true,"href":"https:\/\/ldk.swiss\/de\/wp-json\/wp\/v2\/users\/1"}],"replies":[{"embeddable":true,"href":"https:\/\/ldk.swiss\/de\/wp-json\/wp\/v2\/comments?post=38451"}],"version-history":[{"count":98,"href":"https:\/\/ldk.swiss\/de\/wp-json\/wp\/v2\/pages\/38451\/revisions"}],"predecessor-version":[{"id":44039,"href":"https:\/\/ldk.swiss\/de\/wp-json\/wp\/v2\/pages\/38451\/revisions\/44039"}],"wp:attachment":[{"href":"https:\/\/ldk.swiss\/de\/wp-json\/wp\/v2\/media?parent=38451"}],"curies":[{"name":"wp","href":"https:\/\/api.w.org\/{rel}","templated":true}]}}