{"id":41456,"date":"2023-03-09T11:32:15","date_gmt":"2023-03-09T10:32:15","guid":{"rendered":"https:\/\/ldk.swiss\/?page_id=41456"},"modified":"2025-02-27T15:02:52","modified_gmt":"2025-02-27T14:02:52","slug":"schema-cablage","status":"publish","type":"page","link":"https:\/\/ldk.swiss\/de\/schema-cablage\/","title":{"rendered":"Verdrahtungsschema"},"content":{"rendered":"<div data-elementor-type=\"wp-page\" data-elementor-id=\"41456\" class=\"elementor elementor-41456\">\n\t\t\t\t\t\t<section class=\"elementor-section elementor-top-section elementor-element elementor-element-e15d72a elementor-section-boxed elementor-section-height-default elementor-section-height-default\" data-id=\"e15d72a\" data-element_type=\"section\">\n\t\t\t\t\t\t<div class=\"elementor-container elementor-column-gap-default\">\n\t\t\t\t\t<div class=\"elementor-column elementor-col-100 elementor-top-column elementor-element elementor-element-4b32707\" data-id=\"4b32707\" data-element_type=\"column\">\n\t\t\t<div class=\"elementor-widget-wrap elementor-element-populated\">\n\t\t\t\t\t\t<div class=\"elementor-element elementor-element-5fa12e6 elementor-widget elementor-widget-heading\" data-id=\"5fa12e6\" data-element_type=\"widget\" data-widget_type=\"heading.default\">\n\t\t\t\t<div class=\"elementor-widget-container\">\n\t\t\t<h2 class=\"elementor-heading-title elementor-size-default\">Verdrahtungsplan mit Druckknopf DALI-Taster, Tridonic<\/h2>\t\t<\/div>\n\t\t\t\t<\/div>\n\t\t\t\t<div class=\"elementor-element elementor-element-1ee38f6 elementor-widget elementor-widget-image\" data-id=\"1ee38f6\" data-element_type=\"widget\" data-widget_type=\"image.default\">\n\t\t\t\t<div class=\"elementor-widget-container\">\n\t\t\t\t\t\t\t\t\t\t\t\t\t\t<a href=\"https:\/\/ldk.swiss\/wp-content\/uploads\/2023\/03\/Schema_cablage_DALI_TRIDONIC.png\" data-elementor-open-lightbox=\"yes\" data-e-action-hash=\"#elementor-action%3Aaction%3Dlightbox%26settings%3DeyJpZCI6NDE0NzEsInVybCI6Imh0dHBzOlwvXC9sZGsuc3dpc3NcL3dwLWNvbnRlbnRcL3VwbG9hZHNcLzIwMjNcLzAzXC9TY2hlbWFfY2FibGFnZV9EQUxJX1RSSURPTklDLnBuZyJ9\">\n\t\t\t\t\t\t\t<img decoding=\"async\" src=\"https:\/\/ldk.swiss\/wp-content\/uploads\/elementor\/thumbs\/Schema_cablage_DALI_TRIDONIC-q398weafkqf6l9l3gr8lmram0uoir51hesyaswd77o.png\" title=\"Schema_cablage_DALI_TRIDONIC\" alt=\"Schema_cablage_DALI_TRIDONIC\" loading=\"lazy\" \/>\t\t\t\t\t\t\t\t<\/a>\n\t\t\t\t\t\t\t\t\t\t\t\t\t<\/div>\n\t\t\t\t<\/div>\n\t\t\t\t\t<\/div>\n\t\t<\/div>\n\t\t\t\t\t<\/div>\n\t\t<\/section>\n\t\t\t\t<section class=\"elementor-section elementor-top-section elementor-element elementor-element-0a62423 elementor-section-boxed elementor-section-height-default elementor-section-height-default\" data-id=\"0a62423\" data-element_type=\"section\">\n\t\t\t\t\t\t<div class=\"elementor-container elementor-column-gap-default\">\n\t\t\t\t\t<div class=\"elementor-column elementor-col-100 elementor-top-column elementor-element elementor-element-ad600f8\" data-id=\"ad600f8\" data-element_type=\"column\">\n\t\t\t<div class=\"elementor-widget-wrap elementor-element-populated\">\n\t\t\t\t\t\t<div class=\"elementor-element elementor-element-3d4390c elementor-widget elementor-widget-heading\" data-id=\"3d4390c\" data-element_type=\"widget\" data-widget_type=\"heading.default\">\n\t\t\t\t<div class=\"elementor-widget-container\">\n\t\t\t<h2 class=\"elementor-heading-title elementor-size-default\">Verdrahtungsschema durch potentialfreier Druckknopf Kontakt CASAMBI<\/h2>\t\t<\/div>\n\t\t\t\t<\/div>\n\t\t\t\t<div class=\"elementor-element elementor-element-470a2da elementor-widget elementor-widget-image\" data-id=\"470a2da\" data-element_type=\"widget\" data-widget_type=\"image.default\">\n\t\t\t\t<div class=\"elementor-widget-container\">\n\t\t\t\t\t\t\t\t\t\t\t\t\t\t<a href=\"https:\/\/ldk.swiss\/wp-content\/uploads\/2023\/03\/Schema_cablage-CASAMBI.png\" data-elementor-open-lightbox=\"yes\" data-e-action-hash=\"#elementor-action%3Aaction%3Dlightbox%26settings%3DeyJpZCI6NDE0NzIsInVybCI6Imh0dHBzOlwvXC9sZGsuc3dpc3NcL3dwLWNvbnRlbnRcL3VwbG9hZHNcLzIwMjNcLzAzXC9TY2hlbWFfY2FibGFnZS1DQVNBTUJJLnBuZyJ9\">\n\t\t\t\t\t\t\t<img decoding=\"async\" src=\"https:\/\/ldk.swiss\/wp-content\/uploads\/elementor\/thumbs\/Schema_cablage-CASAMBI-q398ytpf8brp9w2jsf1ldazhugdyjtnan1v7h2k1pc.png\" title=\"Schema_cablage CASAMBI\" alt=\"Schema_cablage CASAMBI\" loading=\"lazy\" \/>\t\t\t\t\t\t\t\t<\/a>\n\t\t\t\t\t\t\t\t\t\t\t\t\t<\/div>\n\t\t\t\t<\/div>\n\t\t\t\t\t<\/div>\n\t\t<\/div>\n\t\t\t\t\t<\/div>\n\t\t<\/section>\n\t\t\t\t<section class=\"elementor-section elementor-top-section elementor-element elementor-element-1886196 elementor-section-boxed elementor-section-height-default elementor-section-height-default\" data-id=\"1886196\" data-element_type=\"section\">\n\t\t\t\t\t\t<div class=\"elementor-container elementor-column-gap-default\">\n\t\t\t\t\t<div class=\"elementor-column elementor-col-100 elementor-top-column elementor-element elementor-element-1b2c468\" data-id=\"1b2c468\" data-element_type=\"column\">\n\t\t\t<div class=\"elementor-widget-wrap elementor-element-populated\">\n\t\t\t\t\t\t<div class=\"elementor-element elementor-element-22c4b24 elementor-widget elementor-widget-heading\" data-id=\"22c4b24\" data-element_type=\"widget\" data-widget_type=\"heading.default\">\n\t\t\t\t<div class=\"elementor-widget-container\">\n\t\t\t<h2 class=\"elementor-heading-title elementor-size-default\">Verdahtungsprinzip \u2013 T\u00fcrsensor<\/h2>\t\t<\/div>\n\t\t\t\t<\/div>\n\t\t\t\t<div class=\"elementor-element elementor-element-76e461a elementor-widget elementor-widget-image\" data-id=\"76e461a\" data-element_type=\"widget\" data-widget_type=\"image.default\">\n\t\t\t\t<div class=\"elementor-widget-container\">\n\t\t\t\t\t\t\t\t\t\t\t\t\t\t<a href=\"https:\/\/ldk.swiss\/wp-content\/uploads\/2023\/03\/Schema_cablage_SPS3.png\" data-elementor-open-lightbox=\"yes\" data-e-action-hash=\"#elementor-action%3Aaction%3Dlightbox%26settings%3DeyJpZCI6NDE0NzMsInVybCI6Imh0dHBzOlwvXC9sZGsuc3dpc3NcL3dwLWNvbnRlbnRcL3VwbG9hZHNcLzIwMjNcLzAzXC9TY2hlbWFfY2FibGFnZV9TUFMzLnBuZyJ9\">\n\t\t\t\t\t\t\t<img decoding=\"async\" src=\"https:\/\/ldk.swiss\/wp-content\/uploads\/elementor\/thumbs\/Schema_cablage_SPS3-q3990ys4d1576snjymncm9ll2533obomeaffke7s18.png\" title=\"Schema_cablage_SPS3\" alt=\"Schema_cablage_SPS3\" loading=\"lazy\" \/>\t\t\t\t\t\t\t\t<\/a>\n\t\t\t\t\t\t\t\t\t\t\t\t\t<\/div>\n\t\t\t\t<\/div>\n\t\t\t\t\t<\/div>\n\t\t<\/div>\n\t\t\t\t\t<\/div>\n\t\t<\/section>\n\t\t\t\t<section class=\"elementor-section elementor-top-section elementor-element elementor-element-87321c4 elementor-section-boxed elementor-section-height-default elementor-section-height-default\" data-id=\"87321c4\" data-element_type=\"section\">\n\t\t\t\t\t\t<div class=\"elementor-container elementor-column-gap-default\">\n\t\t\t\t\t<div class=\"elementor-column elementor-col-100 elementor-top-column elementor-element elementor-element-a487384\" data-id=\"a487384\" data-element_type=\"column\">\n\t\t\t<div class=\"elementor-widget-wrap elementor-element-populated\">\n\t\t\t\t\t\t<div class=\"elementor-element elementor-element-7fac284 elementor-widget elementor-widget-heading\" data-id=\"7fac284\" data-element_type=\"widget\" data-widget_type=\"heading.default\">\n\t\t\t\t<div class=\"elementor-widget-container\">\n\t\t\t<h2 class=\"elementor-heading-title elementor-size-default\">Kontrollschema und Verwendung von Fernbedienungen 4 Zonen<\/h2>\t\t<\/div>\n\t\t\t\t<\/div>\n\t\t\t\t\t<\/div>\n\t\t<\/div>\n\t\t\t\t\t<\/div>\n\t\t<\/section>\n\t\t\t\t<section class=\"elementor-section elementor-top-section elementor-element elementor-element-f5d6df0 elementor-section-boxed elementor-section-height-default elementor-section-height-default\" data-id=\"f5d6df0\" data-element_type=\"section\">\n\t\t\t\t\t\t<div class=\"elementor-container elementor-column-gap-default\">\n\t\t\t\t\t<div class=\"elementor-column elementor-col-100 elementor-top-column elementor-element elementor-element-cb129ec\" data-id=\"cb129ec\" data-element_type=\"column\">\n\t\t\t<div class=\"elementor-widget-wrap elementor-element-populated\">\n\t\t\t\t\t\t<div class=\"elementor-element elementor-element-c53e821 elementor-widget elementor-widget-heading\" data-id=\"c53e821\" data-element_type=\"widget\" data-widget_type=\"heading.default\">\n\t\t\t\t<div class=\"elementor-widget-container\">\n\t\t\t<h2 class=\"elementor-heading-title elementor-size-default\">MGS1<\/h2>\t\t<\/div>\n\t\t\t\t<\/div>\n\t\t\t\t<div class=\"elementor-element elementor-element-be1ead6 elementor-widget elementor-widget-image\" data-id=\"be1ead6\" data-element_type=\"widget\" data-widget_type=\"image.default\">\n\t\t\t\t<div class=\"elementor-widget-container\">\n\t\t\t\t\t\t\t\t\t\t\t\t\t\t<a href=\"https:\/\/ldk.swiss\/wp-content\/uploads\/2025\/02\/Schema_cablage-MGS1.jpg\" data-elementor-open-lightbox=\"yes\" data-e-action-hash=\"#elementor-action%3Aaction%3Dlightbox%26settings%3DeyJpZCI6NDI1MjUsInVybCI6Imh0dHBzOlwvXC9sZGsuc3dpc3NcL3dwLWNvbnRlbnRcL3VwbG9hZHNcLzIwMjVcLzAyXC9TY2hlbWFfY2FibGFnZS1NR1MxLmpwZyJ9\">\n\t\t\t\t\t\t\t<img decoding=\"async\" src=\"https:\/\/ldk.swiss\/wp-content\/uploads\/elementor\/thumbs\/Schema_cablage-MGS1-r24hrel9zvmfyx9dukt6mp0mvpfoeac7ib6chx9ebo.jpg\" title=\"Schema_cablage-MGS1\" alt=\"Schema_cablage-MGS1\" loading=\"lazy\" \/>\t\t\t\t\t\t\t\t<\/a>\n\t\t\t\t\t\t\t\t\t\t\t\t\t<\/div>\n\t\t\t\t<\/div>\n\t\t\t\t<div class=\"elementor-element elementor-element-071168f elementor-widget elementor-widget-heading\" data-id=\"071168f\" data-element_type=\"widget\" data-widget_type=\"heading.default\">\n\t\t\t\t<div class=\"elementor-widget-container\">\n\t\t\t<h2 class=\"elementor-heading-title elementor-size-default\">MGS2<\/h2>\t\t<\/div>\n\t\t\t\t<\/div>\n\t\t\t\t<div class=\"elementor-element elementor-element-2ce67f2 elementor-widget elementor-widget-image\" data-id=\"2ce67f2\" data-element_type=\"widget\" data-widget_type=\"image.default\">\n\t\t\t\t<div class=\"elementor-widget-container\">\n\t\t\t\t\t\t\t\t\t\t\t\t\t\t<a href=\"https:\/\/ldk.swiss\/wp-content\/uploads\/2025\/02\/Schema_cablage-MGS2.jpg\" data-elementor-open-lightbox=\"yes\" data-e-action-hash=\"#elementor-action%3Aaction%3Dlightbox%26settings%3DeyJpZCI6NDI1MjYsInVybCI6Imh0dHBzOlwvXC9sZGsuc3dpc3NcL3dwLWNvbnRlbnRcL3VwbG9hZHNcLzIwMjVcLzAyXC9TY2hlbWFfY2FibGFnZS1NR1MyLmpwZyJ9\">\n\t\t\t\t\t\t\t<img decoding=\"async\" src=\"https:\/\/ldk.swiss\/wp-content\/uploads\/elementor\/thumbs\/Schema_cablage-MGS2-r24hrukj828bgam699pub2zgz98x153n8i9lnmlpdw.jpg\" title=\"Schema_cablage-MGS2\" alt=\"Schema_cablage-MGS2\" loading=\"lazy\" \/>\t\t\t\t\t\t\t\t<\/a>\n\t\t\t\t\t\t\t\t\t\t\t\t\t<\/div>\n\t\t\t\t<\/div>\n\t\t\t\t<div class=\"elementor-element elementor-element-aefed90 elementor-widget elementor-widget-heading\" data-id=\"aefed90\" data-element_type=\"widget\" data-widget_type=\"heading.default\">\n\t\t\t\t<div class=\"elementor-widget-container\">\n\t\t\t<h2 class=\"elementor-heading-title elementor-size-default\">MGS4<\/h2>\t\t<\/div>\n\t\t\t\t<\/div>\n\t\t\t\t<div class=\"elementor-element elementor-element-de5540b elementor-widget elementor-widget-image\" data-id=\"de5540b\" data-element_type=\"widget\" data-widget_type=\"image.default\">\n\t\t\t\t<div class=\"elementor-widget-container\">\n\t\t\t\t\t\t\t\t\t\t\t\t\t\t<a href=\"https:\/\/ldk.swiss\/wp-content\/uploads\/2025\/02\/Schema_cablage-MGS4.jpg\" data-elementor-open-lightbox=\"yes\" data-e-action-hash=\"#elementor-action%3Aaction%3Dlightbox%26settings%3DeyJpZCI6NDI1MjcsInVybCI6Imh0dHBzOlwvXC9sZGsuc3dpc3NcL3dwLWNvbnRlbnRcL3VwbG9hZHNcLzIwMjVcLzAyXC9TY2hlbWFfY2FibGFnZS1NR1M0LmpwZyJ9\">\n\t\t\t\t\t\t\t<img decoding=\"async\" src=\"https:\/\/ldk.swiss\/wp-content\/uploads\/elementor\/thumbs\/Schema_cablage-MGS4-r24hrybvzedgqqgpnbccl21bcsqdvxikl0vjkqg4p0.jpg\" title=\"Schema_cablage-MGS4\" alt=\"Schema_cablage-MGS4\" loading=\"lazy\" \/>\t\t\t\t\t\t\t\t<\/a>\n\t\t\t\t\t\t\t\t\t\t\t\t\t<\/div>\n\t\t\t\t<\/div>\n\t\t\t\t\t<\/div>\n\t\t<\/div>\n\t\t\t\t\t<\/div>\n\t\t<\/section>\n\t\t\t\t<section class=\"elementor-section elementor-top-section elementor-element elementor-element-fa1cc2b elementor-section-boxed elementor-section-height-default elementor-section-height-default\" data-id=\"fa1cc2b\" data-element_type=\"section\">\n\t\t\t\t\t\t<div class=\"elementor-container elementor-column-gap-default\">\n\t\t\t\t\t<div class=\"elementor-column elementor-col-33 elementor-top-column elementor-element elementor-element-094342d\" data-id=\"094342d\" data-element_type=\"column\">\n\t\t\t<div class=\"elementor-widget-wrap elementor-element-populated\">\n\t\t\t\t\t\t<div class=\"elementor-element elementor-element-e607d79 elementor-widget elementor-widget-heading\" data-id=\"e607d79\" data-element_type=\"widget\" data-widget_type=\"heading.default\">\n\t\t\t\t<div class=\"elementor-widget-container\">\n\t\t\t<h2 class=\"elementor-heading-title elementor-size-default\">Programmierung der Fernbedienung MGS1<\/h2>\t\t<\/div>\n\t\t\t\t<\/div>\n\t\t\t\t<div class=\"elementor-element elementor-element-66ea0d4 elementor-widget elementor-widget-video\" data-id=\"66ea0d4\" data-element_type=\"widget\" data-settings=\"{&quot;youtube_url&quot;:&quot;https:\\\/\\\/www.youtube.com\\\/watch?v=QYIk-i6L6eQ&quot;,&quot;video_type&quot;:&quot;youtube&quot;,&quot;controls&quot;:&quot;yes&quot;}\" data-widget_type=\"video.default\">\n\t\t\t\t<div class=\"elementor-widget-container\">\n\t\t\t\t\t<div class=\"elementor-wrapper elementor-open-inline\">\n\t\t\t<div class=\"elementor-video\"><\/div>\t\t<\/div>\n\t\t\t\t<\/div>\n\t\t\t\t<\/div>\n\t\t\t\t\t<\/div>\n\t\t<\/div>\n\t\t\t\t<div class=\"elementor-column elementor-col-33 elementor-top-column elementor-element elementor-element-81ab513\" data-id=\"81ab513\" data-element_type=\"column\">\n\t\t\t<div class=\"elementor-widget-wrap elementor-element-populated\">\n\t\t\t\t\t\t<div class=\"elementor-element elementor-element-3b74770 elementor-widget elementor-widget-heading\" data-id=\"3b74770\" data-element_type=\"widget\" data-widget_type=\"heading.default\">\n\t\t\t\t<div class=\"elementor-widget-container\">\n\t\t\t<h2 class=\"elementor-heading-title elementor-size-default\">Programmierung der Fernbedienung MGS2<\/h2>\t\t<\/div>\n\t\t\t\t<\/div>\n\t\t\t\t<div class=\"elementor-element elementor-element-bd2d8e0 elementor-widget elementor-widget-video\" data-id=\"bd2d8e0\" data-element_type=\"widget\" data-settings=\"{&quot;youtube_url&quot;:&quot;https:\\\/\\\/www.youtube.com\\\/watch?v=JLMZzARX2FA&quot;,&quot;video_type&quot;:&quot;youtube&quot;,&quot;controls&quot;:&quot;yes&quot;}\" data-widget_type=\"video.default\">\n\t\t\t\t<div class=\"elementor-widget-container\">\n\t\t\t\t\t<div class=\"elementor-wrapper elementor-open-inline\">\n\t\t\t<div class=\"elementor-video\"><\/div>\t\t<\/div>\n\t\t\t\t<\/div>\n\t\t\t\t<\/div>\n\t\t\t\t\t<\/div>\n\t\t<\/div>\n\t\t\t\t<div class=\"elementor-column elementor-col-33 elementor-top-column elementor-element elementor-element-64ff9cf\" data-id=\"64ff9cf\" data-element_type=\"column\">\n\t\t\t<div class=\"elementor-widget-wrap elementor-element-populated\">\n\t\t\t\t\t\t<div class=\"elementor-element elementor-element-91c5f72 elementor-widget elementor-widget-heading\" data-id=\"91c5f72\" data-element_type=\"widget\" data-widget_type=\"heading.default\">\n\t\t\t\t<div class=\"elementor-widget-container\">\n\t\t\t<h2 class=\"elementor-heading-title elementor-size-default\">Programmierung der Fernbedienung MGS4<\/h2>\t\t<\/div>\n\t\t\t\t<\/div>\n\t\t\t\t<div class=\"elementor-element elementor-element-216489a elementor-widget elementor-widget-video\" data-id=\"216489a\" data-element_type=\"widget\" data-settings=\"{&quot;youtube_url&quot;:&quot;https:\\\/\\\/www.youtube.com\\\/watch?v=-6IhOKM0T5Y&quot;,&quot;video_type&quot;:&quot;youtube&quot;,&quot;controls&quot;:&quot;yes&quot;}\" data-widget_type=\"video.default\">\n\t\t\t\t<div class=\"elementor-widget-container\">\n\t\t\t\t\t<div class=\"elementor-wrapper elementor-open-inline\">\n\t\t\t<div class=\"elementor-video\"><\/div>\t\t<\/div>\n\t\t\t\t<\/div>\n\t\t\t\t<\/div>\n\t\t\t\t\t<\/div>\n\t\t<\/div>\n\t\t\t\t\t<\/div>\n\t\t<\/section>\n\t\t\t\t<section class=\"elementor-section elementor-top-section elementor-element elementor-element-bab3115 elementor-section-boxed elementor-section-height-default elementor-section-height-default\" data-id=\"bab3115\" data-element_type=\"section\">\n\t\t\t\t\t\t<div class=\"elementor-container elementor-column-gap-default\">\n\t\t\t\t\t<div class=\"elementor-column elementor-col-100 elementor-top-column elementor-element elementor-element-c3fc788\" data-id=\"c3fc788\" data-element_type=\"column\">\n\t\t\t<div class=\"elementor-widget-wrap elementor-element-populated\">\n\t\t\t\t\t\t<div class=\"elementor-element elementor-element-8d07a7e elementor-widget elementor-widget-heading\" data-id=\"8d07a7e\" data-element_type=\"widget\" data-widget_type=\"heading.default\">\n\t\t\t\t<div class=\"elementor-widget-container\">\n\t\t\t<h2 class=\"elementor-heading-title elementor-size-default\">Verdrahtungsschema pro DALI-Dimmer DT8<\/h2>\t\t<\/div>\n\t\t\t\t<\/div>\n\t\t\t\t\t<\/div>\n\t\t<\/div>\n\t\t\t\t\t<\/div>\n\t\t<\/section>\n\t\t\t\t<section class=\"elementor-section elementor-top-section elementor-element elementor-element-07c9ac7 elementor-section-boxed elementor-section-height-default elementor-section-height-default\" data-id=\"07c9ac7\" data-element_type=\"section\">\n\t\t\t\t\t\t<div class=\"elementor-container elementor-column-gap-default\">\n\t\t\t\t\t<div class=\"elementor-column elementor-col-100 elementor-top-column elementor-element elementor-element-b757535\" data-id=\"b757535\" data-element_type=\"column\">\n\t\t\t<div class=\"elementor-widget-wrap elementor-element-populated\">\n\t\t\t\t\t\t<div class=\"elementor-element elementor-element-2f60647 elementor-widget elementor-widget-image\" data-id=\"2f60647\" data-element_type=\"widget\" data-widget_type=\"image.default\">\n\t\t\t\t<div class=\"elementor-widget-container\">\n\t\t\t\t\t\t\t\t\t\t\t\t\t\t<a href=\"https:\/\/ldk.swiss\/wp-content\/uploads\/2025\/02\/Schema_cablage_DALI_DT8.jpg\" data-elementor-open-lightbox=\"yes\" data-e-action-hash=\"#elementor-action%3Aaction%3Dlightbox%26settings%3DeyJpZCI6NDI1MzEsInVybCI6Imh0dHBzOlwvXC9sZGsuc3dpc3NcL3dwLWNvbnRlbnRcL3VwbG9hZHNcLzIwMjVcLzAyXC9TY2hlbWFfY2FibGFnZV9EQUxJX0RUOC5qcGcifQ%3D%3D\">\n\t\t\t\t\t\t\t<img fetchpriority=\"high\" decoding=\"async\" width=\"2511\" height=\"836\" src=\"https:\/\/ldk.swiss\/wp-content\/uploads\/2025\/02\/Schema_cablage_DALI_DT8.jpg\" class=\"attachment-full size-full wp-image-42531\" alt=\"\" srcset=\"https:\/\/ldk.swiss\/wp-content\/uploads\/2025\/02\/Schema_cablage_DALI_DT8.jpg 2511w, https:\/\/ldk.swiss\/wp-content\/uploads\/2025\/02\/Schema_cablage_DALI_DT8-1280x426.jpg 1280w, https:\/\/ldk.swiss\/wp-content\/uploads\/2025\/02\/Schema_cablage_DALI_DT8-980x326.jpg 980w, https:\/\/ldk.swiss\/wp-content\/uploads\/2025\/02\/Schema_cablage_DALI_DT8-480x160.jpg 480w\" sizes=\"(min-width: 0px) and (max-width: 480px) 480px, (min-width: 481px) and (max-width: 980px) 980px, (min-width: 981px) and (max-width: 1280px) 1280px, (min-width: 1281px) 2511px, 100vw\" \/>\t\t\t\t\t\t\t\t<\/a>\n\t\t\t\t\t\t\t\t\t\t\t\t\t<\/div>\n\t\t\t\t<\/div>\n\t\t\t\t\t<\/div>\n\t\t<\/div>\n\t\t\t\t\t<\/div>\n\t\t<\/section>\n\t\t\t\t<section class=\"elementor-section elementor-top-section elementor-element elementor-element-ae42eff elementor-section-boxed elementor-section-height-default elementor-section-height-default\" data-id=\"ae42eff\" data-element_type=\"section\">\n\t\t\t\t\t\t<div class=\"elementor-container elementor-column-gap-default\">\n\t\t\t\t\t<div class=\"elementor-column elementor-col-50 elementor-top-column elementor-element elementor-element-5e7b6b4\" data-id=\"5e7b6b4\" data-element_type=\"column\">\n\t\t\t<div class=\"elementor-widget-wrap elementor-element-populated\">\n\t\t\t\t\t\t<div class=\"elementor-element elementor-element-64a46b2 elementor-widget elementor-widget-heading\" data-id=\"64a46b2\" data-element_type=\"widget\" data-widget_type=\"heading.default\">\n\t\t\t\t<div class=\"elementor-widget-container\">\n\t\t\t<h2 class=\"elementor-heading-title elementor-size-default\">Verdrahtungsschema f\u00fcr DALI-Wandcontroller DT8 (steuert bis zu 50 DALI-Vorschaltger\u00e4te \u00fcber Brodcast oder zu 4 DALI-Gruppen)<\/h2>\t\t<\/div>\n\t\t\t\t<\/div>\n\t\t\t\t<div class=\"elementor-element elementor-element-49b8aee elementor-widget elementor-widget-image\" data-id=\"49b8aee\" data-element_type=\"widget\" data-widget_type=\"image.default\">\n\t\t\t\t<div class=\"elementor-widget-container\">\n\t\t\t\t\t\t\t\t\t\t\t\t\t\t<a href=\"https:\/\/ldk.swiss\/wp-content\/uploads\/2025\/02\/Schema_cablage-DT8.jpg\" data-elementor-open-lightbox=\"yes\" data-e-action-hash=\"#elementor-action%3Aaction%3Dlightbox%26settings%3DeyJpZCI6NDI1MzIsInVybCI6Imh0dHBzOlwvXC9sZGsuc3dpc3NcL3dwLWNvbnRlbnRcL3VwbG9hZHNcLzIwMjVcLzAyXC9TY2hlbWFfY2FibGFnZS1EVDguanBnIn0%3D\">\n\t\t\t\t\t\t\t<img decoding=\"async\" width=\"1024\" height=\"1015\" src=\"https:\/\/ldk.swiss\/wp-content\/uploads\/2025\/02\/Schema_cablage-DT8-1024x1015.jpg\" class=\"attachment-large size-large wp-image-42532\" alt=\"\" srcset=\"https:\/\/ldk.swiss\/wp-content\/uploads\/2025\/02\/Schema_cablage-DT8-980x971.jpg 980w, https:\/\/ldk.swiss\/wp-content\/uploads\/2025\/02\/Schema_cablage-DT8-480x476.jpg 480w\" sizes=\"(min-width: 0px) and (max-width: 480px) 480px, (min-width: 481px) and (max-width: 980px) 980px, (min-width: 981px) 1024px, 100vw\" \/>\t\t\t\t\t\t\t\t<\/a>\n\t\t\t\t\t\t\t\t\t\t\t\t\t<\/div>\n\t\t\t\t<\/div>\n\t\t\t\t\t<\/div>\n\t\t<\/div>\n\t\t\t\t<div class=\"elementor-column elementor-col-50 elementor-top-column elementor-element elementor-element-23c9f61\" data-id=\"23c9f61\" data-element_type=\"column\">\n\t\t\t<div class=\"elementor-widget-wrap elementor-element-populated\">\n\t\t\t\t\t\t<div class=\"elementor-element elementor-element-80b7d02 elementor-widget elementor-widget-heading\" data-id=\"80b7d02\" data-element_type=\"widget\" data-widget_type=\"heading.default\">\n\t\t\t\t<div class=\"elementor-widget-container\">\n\t\t\t<h2 class=\"elementor-heading-title elementor-size-default\">Verdrahtungsschema f\u00fcr DALI-Wandcontroller DT8 (steuert bis zu 100 DALI-Vorschaltger\u00e4te \u00fcber Brodcast oder zu 4 DALI-Gruppen)<\/h2>\t\t<\/div>\n\t\t\t\t<\/div>\n\t\t\t\t<div class=\"elementor-element elementor-element-0e8133f elementor-widget elementor-widget-image\" data-id=\"0e8133f\" data-element_type=\"widget\" data-widget_type=\"image.default\">\n\t\t\t\t<div class=\"elementor-widget-container\">\n\t\t\t\t\t\t\t\t\t\t\t\t\t\t<a href=\"https:\/\/ldk.swiss\/wp-content\/uploads\/2025\/02\/Schema_cablage_DT8-2-scaled.jpg\" data-elementor-open-lightbox=\"yes\" data-e-action-hash=\"#elementor-action%3Aaction%3Dlightbox%26settings%3DeyJpZCI6NDI1MjksInVybCI6Imh0dHBzOlwvXC9sZGsuc3dpc3NcL3dwLWNvbnRlbnRcL3VwbG9hZHNcLzIwMjVcLzAyXC9TY2hlbWFfY2FibGFnZV9EVDgtMi1zY2FsZWQuanBnIn0%3D\">\n\t\t\t\t\t\t\t<img decoding=\"async\" width=\"595\" height=\"1024\" src=\"https:\/\/ldk.swiss\/wp-content\/uploads\/2025\/02\/Schema_cablage_DT8-2-595x1024.jpg\" class=\"attachment-large size-large wp-image-42529\" alt=\"\" \/>\t\t\t\t\t\t\t\t<\/a>\n\t\t\t\t\t\t\t\t\t\t\t\t\t<\/div>\n\t\t\t\t<\/div>\n\t\t\t\t\t<\/div>\n\t\t<\/div>\n\t\t\t\t\t<\/div>\n\t\t<\/section>\n\t\t\t\t<\/div>","protected":false},"excerpt":{"rendered":"<p>Sch\u00e9ma de c\u00e2blage par poussoir DALI, Tridonic Sch\u00e9ma de c\u00e2blage par poussoir libre de potentiel CASAMBI Principe de c\u00e2blage \u2013 D\u00e9tecteur de portes Sch\u00e9ma de contr\u00f4le et utilisation de t\u00e9l\u00e9commandes 4 Zones MGS1 MGS2 MGS4 Programmation de la t\u00e9l\u00e9commande MGS1 Programmation de la t\u00e9l\u00e9commande MGS2 Programmation de la t\u00e9l\u00e9commande MGS4 Sch\u00e9ma de c\u00e2blage par variateur [&hellip;]<\/p>","protected":false},"author":1,"featured_media":0,"parent":0,"menu_order":0,"comment_status":"closed","ping_status":"closed","template":"elementor_header_footer","meta":{"_et_pb_use_builder":"","_et_pb_old_content":"","_et_gb_content_width":"","footnotes":""},"_links":{"self":[{"href":"https:\/\/ldk.swiss\/de\/wp-json\/wp\/v2\/pages\/41456"}],"collection":[{"href":"https:\/\/ldk.swiss\/de\/wp-json\/wp\/v2\/pages"}],"about":[{"href":"https:\/\/ldk.swiss\/de\/wp-json\/wp\/v2\/types\/page"}],"author":[{"embeddable":true,"href":"https:\/\/ldk.swiss\/de\/wp-json\/wp\/v2\/users\/1"}],"replies":[{"embeddable":true,"href":"https:\/\/ldk.swiss\/de\/wp-json\/wp\/v2\/comments?post=41456"}],"version-history":[{"count":16,"href":"https:\/\/ldk.swiss\/de\/wp-json\/wp\/v2\/pages\/41456\/revisions"}],"predecessor-version":[{"id":42538,"href":"https:\/\/ldk.swiss\/de\/wp-json\/wp\/v2\/pages\/41456\/revisions\/42538"}],"wp:attachment":[{"href":"https:\/\/ldk.swiss\/de\/wp-json\/wp\/v2\/media?parent=41456"}],"curies":[{"name":"wp","href":"https:\/\/api.w.org\/{rel}","templated":true}]}}