{"id":38592,"date":"2021-04-26T11:10:24","date_gmt":"2021-04-26T09:10:24","guid":{"rendered":"https:\/\/ldk.swiss\/?page_id=38592"},"modified":"2025-04-30T15:41:20","modified_gmt":"2025-04-30T13:41:20","slug":"competences","status":"publish","type":"page","link":"https:\/\/ldk.swiss\/fr\/competences\/","title":{"rendered":"Comp\u00e9tences"},"content":{"rendered":"\t\t<div data-elementor-type=\"wp-page\" data-elementor-id=\"38592\" class=\"elementor elementor-38592\">\n\t\t\t\t\t\t<section class=\"elementor-section elementor-top-section elementor-element elementor-element-1b18545 elementor-section-boxed elementor-section-height-default elementor-section-height-default\" data-id=\"1b18545\" data-element_type=\"section\">\n\t\t\t\t\t\t<div class=\"elementor-container elementor-column-gap-default\">\n\t\t\t\t\t<div class=\"elementor-column elementor-col-100 elementor-top-column elementor-element elementor-element-855c85c\" data-id=\"855c85c\" data-element_type=\"column\">\n\t\t\t<div class=\"elementor-widget-wrap elementor-element-populated\">\n\t\t\t\t\t\t<div class=\"elementor-element elementor-element-c8a762a elementor-widget elementor-widget-heading\" data-id=\"c8a762a\" data-element_type=\"widget\" data-widget_type=\"heading.default\">\n\t\t\t\t<div class=\"elementor-widget-container\">\n\t\t\t<h2 class=\"elementor-heading-title elementor-size-large\">Comp\u00e9tences<\/h2>\t\t<\/div>\n\t\t\t\t<\/div>\n\t\t\t\t\t<\/div>\n\t\t<\/div>\n\t\t\t\t\t<\/div>\n\t\t<\/section>\n\t\t\t\t<section class=\"elementor-section elementor-top-section elementor-element elementor-element-c84e0dc elementor-section-boxed elementor-section-height-default elementor-section-height-default\" data-id=\"c84e0dc\" data-element_type=\"section\">\n\t\t\t\t\t\t<div class=\"elementor-container elementor-column-gap-default\">\n\t\t\t\t\t<div class=\"elementor-column elementor-col-33 elementor-top-column elementor-element elementor-element-3cf7e05\" data-id=\"3cf7e05\" data-element_type=\"column\">\n\t\t\t<div class=\"elementor-widget-wrap elementor-element-populated\">\n\t\t\t\t\t\t<div class=\"elementor-element elementor-element-7ff7399 elementor-widget elementor-widget-heading\" data-id=\"7ff7399\" data-element_type=\"widget\" data-widget_type=\"heading.default\">\n\t\t\t\t<div class=\"elementor-widget-container\">\n\t\t\t<h2 class=\"elementor-heading-title elementor-size-default\">Fabrication sur mesure<\/h2>\t\t<\/div>\n\t\t\t\t<\/div>\n\t\t\t\t<div class=\"elementor-element elementor-element-c78c95a elementor-widget elementor-widget-image\" data-id=\"c78c95a\" data-element_type=\"widget\" data-widget_type=\"image.default\">\n\t\t\t\t<div class=\"elementor-widget-container\">\n\t\t\t\t\t\t\t\t\t\t\t\t\t<img fetchpriority=\"high\" fetchpriority=\"high\" decoding=\"async\" width=\"702\" height=\"474\" src=\"https:\/\/ldk.swiss\/wp-content\/uploads\/2021\/04\/Fabrication-copie.jpg\" class=\"attachment-large size-large wp-image-38814\" alt=\"\" srcset=\"https:\/\/ldk.swiss\/wp-content\/uploads\/2021\/04\/Fabrication-copie.jpg 702w, https:\/\/ldk.swiss\/wp-content\/uploads\/2021\/04\/Fabrication-copie-480x324.jpg 480w\" sizes=\"(min-width: 0px) and (max-width: 480px) 480px, (min-width: 481px) 702px, 100vw\" \/>\t\t\t\t\t\t\t\t\t\t\t\t\t<\/div>\n\t\t\t\t<\/div>\n\t\t\t\t<div class=\"elementor-element elementor-element-47561dc elementor-widget elementor-widget-text-editor\" data-id=\"47561dc\" data-element_type=\"widget\" data-widget_type=\"text-editor.default\">\n\t\t\t\t<div class=\"elementor-widget-container\">\n\t\t\t\t\t\t\t<p>Un projet d&rsquo;\u00e9clairage?<br \/>La confection sur mesure est la solution qui permetttera de concretiser au mieux votre id\u00e9e.<br \/>Votre demande sera soigneusement \u00e9tudi\u00e9e pour vous apporter la meilleure solution possible.<\/p>\t\t\t\t\t\t<\/div>\n\t\t\t\t<\/div>\n\t\t\t\t\t<\/div>\n\t\t<\/div>\n\t\t\t\t<div class=\"elementor-column elementor-col-33 elementor-top-column elementor-element elementor-element-5b8f652\" data-id=\"5b8f652\" data-element_type=\"column\">\n\t\t\t<div class=\"elementor-widget-wrap elementor-element-populated\">\n\t\t\t\t\t\t<div class=\"elementor-element elementor-element-a17fab7 elementor-widget elementor-widget-heading\" data-id=\"a17fab7\" data-element_type=\"widget\" data-widget_type=\"heading.default\">\n\t\t\t\t<div class=\"elementor-widget-container\">\n\t\t\t<h2 class=\"elementor-heading-title elementor-size-default\">\u00c9tude  &amp; simulation d'\u00e9clairage<\/h2>\t\t<\/div>\n\t\t\t\t<\/div>\n\t\t\t\t<div class=\"elementor-element elementor-element-30dd12f elementor-widget elementor-widget-image\" data-id=\"30dd12f\" data-element_type=\"widget\" data-widget_type=\"image.default\">\n\t\t\t\t<div class=\"elementor-widget-container\">\n\t\t\t\t\t\t\t\t\t\t\t\t\t<img decoding=\"async\" width=\"702\" height=\"474\" src=\"https:\/\/ldk.swiss\/wp-content\/uploads\/2021\/04\/Etudes.jpg\" class=\"attachment-large size-large wp-image-38768\" alt=\"\" srcset=\"https:\/\/ldk.swiss\/wp-content\/uploads\/2021\/04\/Etudes.jpg 702w, https:\/\/ldk.swiss\/wp-content\/uploads\/2021\/04\/Etudes-480x324.jpg 480w\" sizes=\"(min-width: 0px) and (max-width: 480px) 480px, (min-width: 481px) 702px, 100vw\" \/>\t\t\t\t\t\t\t\t\t\t\t\t\t<\/div>\n\t\t\t\t<\/div>\n\t\t\t\t<div class=\"elementor-element elementor-element-7d4bd48 elementor-widget elementor-widget-text-editor\" data-id=\"7d4bd48\" data-element_type=\"widget\" data-widget_type=\"text-editor.default\">\n\t\t\t\t<div class=\"elementor-widget-container\">\n\t\t\t\t\t\t\t<p>Chaque client est consid\u00e9r\u00e9 comme un partenaire,<br>c\u2019est pourquoi une \u00e9quipe performante de 5 personnes est \u00e0 votre disposition afin de r\u00e9pondre \u00e0 vos demandes et vous proposer un projet ou une offre dans les meilleurs d\u00e9lais.<\/p>\t\t\t\t\t\t<\/div>\n\t\t\t\t<\/div>\n\t\t\t\t\t<\/div>\n\t\t<\/div>\n\t\t\t\t<div class=\"elementor-column elementor-col-33 elementor-top-column elementor-element elementor-element-91697c7\" data-id=\"91697c7\" data-element_type=\"column\">\n\t\t\t<div class=\"elementor-widget-wrap elementor-element-populated\">\n\t\t\t\t\t\t<div class=\"elementor-element elementor-element-3e5e1b0 elementor-widget elementor-widget-heading\" data-id=\"3e5e1b0\" data-element_type=\"widget\" data-widget_type=\"heading.default\">\n\t\t\t\t<div class=\"elementor-widget-container\">\n\t\t\t<h2 class=\"elementor-heading-title elementor-size-default\">Cintrage des profils sur mesure<\/h2>\t\t<\/div>\n\t\t\t\t<\/div>\n\t\t\t\t<div class=\"elementor-element elementor-element-3874c4c elementor-widget elementor-widget-image\" data-id=\"3874c4c\" data-element_type=\"widget\" data-widget_type=\"image.default\">\n\t\t\t\t<div class=\"elementor-widget-container\">\n\t\t\t\t\t\t\t\t\t\t\t\t\t<img decoding=\"async\" width=\"702\" height=\"474\" src=\"https:\/\/ldk.swiss\/wp-content\/uploads\/2021\/04\/Cintrage-copie.jpg\" class=\"attachment-large size-large wp-image-38771\" alt=\"\" srcset=\"https:\/\/ldk.swiss\/wp-content\/uploads\/2021\/04\/Cintrage-copie.jpg 702w, https:\/\/ldk.swiss\/wp-content\/uploads\/2021\/04\/Cintrage-copie-480x324.jpg 480w\" sizes=\"(min-width: 0px) and (max-width: 480px) 480px, (min-width: 481px) 702px, 100vw\" \/>\t\t\t\t\t\t\t\t\t\t\t\t\t<\/div>\n\t\t\t\t<\/div>\n\t\t\t\t<div class=\"elementor-element elementor-element-2ee5601 elementor-widget elementor-widget-text-editor\" data-id=\"2ee5601\" data-element_type=\"widget\" data-widget_type=\"text-editor.default\">\n\t\t\t\t<div class=\"elementor-widget-container\">\n\t\t\t\t\t\t\t<p>Envie d\u2019avantage de modernit\u00e9?<br \/>LDK S\u00e0rl vous propose d\u2019embellir votre projet d\u2019\u00e9clairage avec un cintrage. Vous trouverez les informations de rayon de cintrage minimum pour chaque profil disponible dans notre assortiment.<\/p>\t\t\t\t\t\t<\/div>\n\t\t\t\t<\/div>\n\t\t\t\t\t<\/div>\n\t\t<\/div>\n\t\t\t\t\t<\/div>\n\t\t<\/section>\n\t\t\t\t<section class=\"elementor-section elementor-top-section elementor-element elementor-element-91c77c6 elementor-section-boxed elementor-section-height-default elementor-section-height-default\" data-id=\"91c77c6\" data-element_type=\"section\">\n\t\t\t\t\t\t<div class=\"elementor-container elementor-column-gap-default\">\n\t\t\t\t\t<div class=\"elementor-column elementor-col-33 elementor-top-column elementor-element elementor-element-b29cf6f\" data-id=\"b29cf6f\" data-element_type=\"column\">\n\t\t\t<div class=\"elementor-widget-wrap elementor-element-populated\">\n\t\t\t\t\t\t<div class=\"elementor-element elementor-element-5057c50 elementor-widget elementor-widget-heading\" data-id=\"5057c50\" data-element_type=\"widget\" data-widget_type=\"heading.default\">\n\t\t\t\t<div class=\"elementor-widget-container\">\n\t\t\t<h2 class=\"elementor-heading-title elementor-size-default\">R\u00e9sinage des profil\u00e9s LED<\/h2>\t\t<\/div>\n\t\t\t\t<\/div>\n\t\t\t\t<div class=\"elementor-element elementor-element-2409fcc elementor-widget elementor-widget-image\" data-id=\"2409fcc\" data-element_type=\"widget\" data-widget_type=\"image.default\">\n\t\t\t\t<div class=\"elementor-widget-container\">\n\t\t\t\t\t\t\t\t\t\t\t\t\t<img loading=\"lazy\" loading=\"lazy\" decoding=\"async\" width=\"702\" height=\"474\" src=\"https:\/\/ldk.swiss\/wp-content\/uploads\/2021\/04\/Resinage.jpg\" class=\"attachment-large size-large wp-image-38772\" alt=\"\" srcset=\"https:\/\/ldk.swiss\/wp-content\/uploads\/2021\/04\/Resinage.jpg 702w, https:\/\/ldk.swiss\/wp-content\/uploads\/2021\/04\/Resinage-480x324.jpg 480w\" sizes=\"(min-width: 0px) and (max-width: 480px) 480px, (min-width: 481px) 702px, 100vw\" \/>\t\t\t\t\t\t\t\t\t\t\t\t\t<\/div>\n\t\t\t\t<\/div>\n\t\t\t\t<div class=\"elementor-element elementor-element-527201d elementor-widget elementor-widget-text-editor\" data-id=\"527201d\" data-element_type=\"widget\" data-widget_type=\"text-editor.default\">\n\t\t\t\t<div class=\"elementor-widget-container\">\n\t\t\t\t\t\t\t<p>Nous r\u00e9sinons \u00e9galement vos profils sur mesure afin de les rendre \u00e9tanches dans toutes les situations, m\u00eame les plus extr\u00eames.<\/p>\t\t\t\t\t\t<\/div>\n\t\t\t\t<\/div>\n\t\t\t\t\t<\/div>\n\t\t<\/div>\n\t\t\t\t<div class=\"elementor-column elementor-col-33 elementor-top-column elementor-element elementor-element-93f8bfd\" data-id=\"93f8bfd\" data-element_type=\"column\">\n\t\t\t<div class=\"elementor-widget-wrap elementor-element-populated\">\n\t\t\t\t\t\t<div class=\"elementor-element elementor-element-3e4925c elementor-widget elementor-widget-heading\" data-id=\"3e4925c\" data-element_type=\"widget\" data-widget_type=\"heading.default\">\n\t\t\t\t<div class=\"elementor-widget-container\">\n\t\t\t<h2 class=\"elementor-heading-title elementor-size-default\">Personalisation couleur<\/h2>\t\t<\/div>\n\t\t\t\t<\/div>\n\t\t\t\t<div class=\"elementor-element elementor-element-942b285 elementor-widget elementor-widget-image\" data-id=\"942b285\" data-element_type=\"widget\" data-widget_type=\"image.default\">\n\t\t\t\t<div class=\"elementor-widget-container\">\n\t\t\t\t\t\t\t\t\t\t\t\t\t<img loading=\"lazy\" loading=\"lazy\" decoding=\"async\" width=\"702\" height=\"474\" src=\"https:\/\/ldk.swiss\/wp-content\/uploads\/2021\/04\/RAL.jpg\" class=\"attachment-large size-large wp-image-38773\" alt=\"\" srcset=\"https:\/\/ldk.swiss\/wp-content\/uploads\/2021\/04\/RAL.jpg 702w, https:\/\/ldk.swiss\/wp-content\/uploads\/2021\/04\/RAL-480x324.jpg 480w\" sizes=\"(min-width: 0px) and (max-width: 480px) 480px, (min-width: 481px) 702px, 100vw\" \/>\t\t\t\t\t\t\t\t\t\t\t\t\t<\/div>\n\t\t\t\t<\/div>\n\t\t\t\t<div class=\"elementor-element elementor-element-3a65916 elementor-widget elementor-widget-text-editor\" data-id=\"3a65916\" data-element_type=\"widget\" data-widget_type=\"text-editor.default\">\n\t\t\t\t<div class=\"elementor-widget-container\">\n\t\t\t\t\t\t\t<p>Nous sommes \u00e9quip\u00e9s d&rsquo;une machine \u00e9lectrostatique pour gicler de la peinture 2 composants \u00e0 l&rsquo;eau.<br \/>Ce proc\u00e9d\u00e9 est plus \u00e9cologique et \u00e9conome en peinture.<\/p>\t\t\t\t\t\t<\/div>\n\t\t\t\t<\/div>\n\t\t\t\t\t<\/div>\n\t\t<\/div>\n\t\t\t\t<div class=\"elementor-column elementor-col-33 elementor-top-column elementor-element elementor-element-8f22577\" data-id=\"8f22577\" data-element_type=\"column\">\n\t\t\t<div class=\"elementor-widget-wrap elementor-element-populated\">\n\t\t\t\t\t\t<div class=\"elementor-element elementor-element-8122700 elementor-widget elementor-widget-heading\" data-id=\"8122700\" data-element_type=\"widget\" data-widget_type=\"heading.default\">\n\t\t\t\t<div class=\"elementor-widget-container\">\n\t\t\t<h2 class=\"elementor-heading-title elementor-size-default\">Soudage au TIG<\/h2>\t\t<\/div>\n\t\t\t\t<\/div>\n\t\t\t\t<div class=\"elementor-element elementor-element-31ecd8d elementor-widget elementor-widget-image\" data-id=\"31ecd8d\" data-element_type=\"widget\" data-widget_type=\"image.default\">\n\t\t\t\t<div class=\"elementor-widget-container\">\n\t\t\t\t\t\t\t\t\t\t\t\t\t<img loading=\"lazy\" loading=\"lazy\" decoding=\"async\" width=\"702\" height=\"474\" src=\"https:\/\/ldk.swiss\/wp-content\/uploads\/2021\/04\/Soudage.jpg\" class=\"attachment-large size-large wp-image-38774\" alt=\"\" srcset=\"https:\/\/ldk.swiss\/wp-content\/uploads\/2021\/04\/Soudage.jpg 702w, https:\/\/ldk.swiss\/wp-content\/uploads\/2021\/04\/Soudage-480x324.jpg 480w\" sizes=\"(min-width: 0px) and (max-width: 480px) 480px, (min-width: 481px) 702px, 100vw\" \/>\t\t\t\t\t\t\t\t\t\t\t\t\t<\/div>\n\t\t\t\t<\/div>\n\t\t\t\t<div class=\"elementor-element elementor-element-aa5d5c6 elementor-widget elementor-widget-text-editor\" data-id=\"aa5d5c6\" data-element_type=\"widget\" data-widget_type=\"text-editor.default\">\n\t\t\t\t<div class=\"elementor-widget-container\">\n\t\t\t\t\t\t\t<p>Pour les assemblages complexes nous nous sommes outill\u00e9s d&rsquo;un poste \u00e0 souder TIG. Les liaisons ou les angles soud\u00e9s sont plus \u00e9l\u00e9gants et plus rigides \u00e0 la fois. <br \/><br \/><\/p>\t\t\t\t\t\t<\/div>\n\t\t\t\t<\/div>\n\t\t\t\t\t<\/div>\n\t\t<\/div>\n\t\t\t\t\t<\/div>\n\t\t<\/section>\n\t\t\t\t<section class=\"elementor-section elementor-top-section elementor-element elementor-element-90aafc2 elementor-section-boxed elementor-section-height-default elementor-section-height-default\" data-id=\"90aafc2\" data-element_type=\"section\">\n\t\t\t\t\t\t<div class=\"elementor-container elementor-column-gap-default\">\n\t\t\t\t\t<div class=\"elementor-column elementor-col-33 elementor-top-column elementor-element elementor-element-4611dec\" data-id=\"4611dec\" data-element_type=\"column\">\n\t\t\t<div class=\"elementor-widget-wrap elementor-element-populated\">\n\t\t\t\t\t\t<div class=\"elementor-element elementor-element-cde74ad elementor-widget elementor-widget-heading\" data-id=\"cde74ad\" data-element_type=\"widget\" data-widget_type=\"heading.default\">\n\t\t\t\t<div class=\"elementor-widget-container\">\n\t\t\t<h2 class=\"elementor-heading-title elementor-size-default\">Zone de test<\/h2>\t\t<\/div>\n\t\t\t\t<\/div>\n\t\t\t\t<div class=\"elementor-element elementor-element-a5ad88e elementor-widget elementor-widget-image\" data-id=\"a5ad88e\" data-element_type=\"widget\" data-widget_type=\"image.default\">\n\t\t\t\t<div class=\"elementor-widget-container\">\n\t\t\t\t\t\t\t\t\t\t\t\t\t<img loading=\"lazy\" loading=\"lazy\" decoding=\"async\" width=\"702\" height=\"474\" src=\"https:\/\/ldk.swiss\/wp-content\/uploads\/2021\/04\/Zone_test.jpg\" class=\"attachment-large size-large wp-image-38785\" alt=\"\" srcset=\"https:\/\/ldk.swiss\/wp-content\/uploads\/2021\/04\/Zone_test.jpg 702w, https:\/\/ldk.swiss\/wp-content\/uploads\/2021\/04\/Zone_test-480x324.jpg 480w\" sizes=\"(min-width: 0px) and (max-width: 480px) 480px, (min-width: 481px) 702px, 100vw\" \/>\t\t\t\t\t\t\t\t\t\t\t\t\t<\/div>\n\t\t\t\t<\/div>\n\t\t\t\t<div class=\"elementor-element elementor-element-64fde51 elementor-widget elementor-widget-text-editor\" data-id=\"64fde51\" data-element_type=\"widget\" data-widget_type=\"text-editor.default\">\n\t\t\t\t<div class=\"elementor-widget-container\">\n\t\t\t\t\t\t\t<p>Avant d&rsquo;\u00eatre livr\u00e9s, tous nos profil\u00e9s LED sont test\u00e9s au minimum une heure dans notre zone de test.<br \/>Nous assurons ainsi la qualit\u00e9 de nos produits avant l&rsquo;envoi du luminaire.<\/p>\t\t\t\t\t\t<\/div>\n\t\t\t\t<\/div>\n\t\t\t\t\t<\/div>\n\t\t<\/div>\n\t\t\t\t<div class=\"elementor-column elementor-col-33 elementor-top-column elementor-element elementor-element-5905205\" data-id=\"5905205\" data-element_type=\"column\">\n\t\t\t<div class=\"elementor-widget-wrap elementor-element-populated\">\n\t\t\t\t\t\t<div class=\"elementor-element elementor-element-47e1108 elementor-widget elementor-widget-heading\" data-id=\"47e1108\" data-element_type=\"widget\" data-widget_type=\"heading.default\">\n\t\t\t\t<div class=\"elementor-widget-container\">\n\t\t\t<h2 class=\"elementor-heading-title elementor-size-default\">Zone d'emballage - exp\u00e9dition<\/h2>\t\t<\/div>\n\t\t\t\t<\/div>\n\t\t\t\t<div class=\"elementor-element elementor-element-3c213ef elementor-widget elementor-widget-image\" data-id=\"3c213ef\" data-element_type=\"widget\" data-widget_type=\"image.default\">\n\t\t\t\t<div class=\"elementor-widget-container\">\n\t\t\t\t\t\t\t\t\t\t\t\t\t<img loading=\"lazy\" loading=\"lazy\" decoding=\"async\" width=\"702\" height=\"474\" src=\"https:\/\/ldk.swiss\/wp-content\/uploads\/2021\/04\/Emballage.jpg\" class=\"attachment-large size-large wp-image-38784\" alt=\"\" srcset=\"https:\/\/ldk.swiss\/wp-content\/uploads\/2021\/04\/Emballage.jpg 702w, https:\/\/ldk.swiss\/wp-content\/uploads\/2021\/04\/Emballage-480x324.jpg 480w\" sizes=\"(min-width: 0px) and (max-width: 480px) 480px, (min-width: 481px) 702px, 100vw\" \/>\t\t\t\t\t\t\t\t\t\t\t\t\t<\/div>\n\t\t\t\t<\/div>\n\t\t\t\t<div class=\"elementor-element elementor-element-3c280bd elementor-widget elementor-widget-text-editor\" data-id=\"3c280bd\" data-element_type=\"widget\" data-widget_type=\"text-editor.default\">\n\t\t\t\t<div class=\"elementor-widget-container\">\n\t\t\t\t\t\t\t<p>Nous disposons de grandes tables de travail nous permettant d\u2019emballer des profils d\u2019une longueur maximum de 6 m\u00e8tres.<\/p>\t\t\t\t\t\t<\/div>\n\t\t\t\t<\/div>\n\t\t\t\t\t<\/div>\n\t\t<\/div>\n\t\t\t\t<div class=\"elementor-column elementor-col-33 elementor-top-column elementor-element elementor-element-830df52\" data-id=\"830df52\" data-element_type=\"column\">\n\t\t\t<div class=\"elementor-widget-wrap elementor-element-populated\">\n\t\t\t\t\t\t<div class=\"elementor-element elementor-element-57f2f81 elementor-widget elementor-widget-heading\" data-id=\"57f2f81\" data-element_type=\"widget\" data-widget_type=\"heading.default\">\n\t\t\t\t<div class=\"elementor-widget-container\">\n\t\t\t<h2 class=\"elementor-heading-title elementor-size-default\">SAV & fabrication sur place<\/h2>\t\t<\/div>\n\t\t\t\t<\/div>\n\t\t\t\t<div class=\"elementor-element elementor-element-272d802 elementor-widget elementor-widget-image\" data-id=\"272d802\" data-element_type=\"widget\" data-widget_type=\"image.default\">\n\t\t\t\t<div class=\"elementor-widget-container\">\n\t\t\t\t\t\t\t\t\t\t\t\t\t<img loading=\"lazy\" loading=\"lazy\" decoding=\"async\" width=\"702\" height=\"474\" src=\"https:\/\/ldk.swiss\/wp-content\/uploads\/2025\/02\/SAV.jpg\" class=\"attachment-full size-full wp-image-42514\" alt=\"\" srcset=\"https:\/\/ldk.swiss\/wp-content\/uploads\/2025\/02\/SAV.jpg 702w, https:\/\/ldk.swiss\/wp-content\/uploads\/2025\/02\/SAV-480x324.jpg 480w\" sizes=\"(min-width: 0px) and (max-width: 480px) 480px, (min-width: 481px) 702px, 100vw\" \/>\t\t\t\t\t\t\t\t\t\t\t\t\t<\/div>\n\t\t\t\t<\/div>\n\t\t\t\t<div class=\"elementor-element elementor-element-d59771f elementor-widget elementor-widget-text-editor\" data-id=\"d59771f\" data-element_type=\"widget\" data-widget_type=\"text-editor.default\">\n\t\t\t\t<div class=\"elementor-widget-container\">\n\t\t\t\t\t\t\t<p>Un service de production mobile fait d\u00e9sormais partie de nos prestations. En effet, vous aurez l\u2019avantage de pouvoir b\u00e9n\u00e9ficier de nos conseils techniques, prises de mesures et service apr\u00e8s-vente sur sites.<\/p>\t\t\t\t\t\t<\/div>\n\t\t\t\t<\/div>\n\t\t\t\t\t<\/div>\n\t\t<\/div>\n\t\t\t\t\t<\/div>\n\t\t<\/section>\n\t\t\t\t<\/div>\n\t\t","protected":false},"excerpt":{"rendered":"<p>Comp\u00e9tences Fabrication sur mesure Un projet d&rsquo;\u00e9clairage?La confection sur mesure est la solution qui permetttera de concretiser au mieux votre id\u00e9e.Votre demande sera soigneusement \u00e9tudi\u00e9e pour vous apporter la meilleure solution possible. \u00c9tude &amp; simulation d&rsquo;\u00e9clairage Chaque client est consid\u00e9r\u00e9 comme un partenaire,c\u2019est pourquoi une \u00e9quipe performante de 5 personnes est \u00e0 votre disposition afin [&hellip;]<\/p>\n","protected":false},"author":1,"featured_media":0,"parent":0,"menu_order":0,"comment_status":"closed","ping_status":"closed","template":"elementor_header_footer","meta":{"_et_pb_use_builder":"","_et_pb_old_content":"","_et_gb_content_width":"","footnotes":""},"_links":{"self":[{"href":"https:\/\/ldk.swiss\/fr\/wp-json\/wp\/v2\/pages\/38592"}],"collection":[{"href":"https:\/\/ldk.swiss\/fr\/wp-json\/wp\/v2\/pages"}],"about":[{"href":"https:\/\/ldk.swiss\/fr\/wp-json\/wp\/v2\/types\/page"}],"author":[{"embeddable":true,"href":"https:\/\/ldk.swiss\/fr\/wp-json\/wp\/v2\/users\/1"}],"replies":[{"embeddable":true,"href":"https:\/\/ldk.swiss\/fr\/wp-json\/wp\/v2\/comments?post=38592"}],"version-history":[{"count":109,"href":"https:\/\/ldk.swiss\/fr\/wp-json\/wp\/v2\/pages\/38592\/revisions"}],"predecessor-version":[{"id":42970,"href":"https:\/\/ldk.swiss\/fr\/wp-json\/wp\/v2\/pages\/38592\/revisions\/42970"}],"wp:attachment":[{"href":"https:\/\/ldk.swiss\/fr\/wp-json\/wp\/v2\/media?parent=38592"}],"curies":[{"name":"wp","href":"https:\/\/api.w.org\/{rel}","templated":true}]}}