{"id":38597,"date":"2021-04-26T11:12:08","date_gmt":"2021-04-26T09:12:08","guid":{"rendered":"https:\/\/ldk.swiss\/?page_id=38597"},"modified":"2025-04-07T09:35:18","modified_gmt":"2025-04-07T07:35:18","slug":"livraisons-2","status":"publish","type":"page","link":"https:\/\/ldk.swiss\/fr\/livraisons-2\/","title":{"rendered":"Tourn\u00e9es de livraisons"},"content":{"rendered":"\t\t<div data-elementor-type=\"wp-page\" data-elementor-id=\"38597\" class=\"elementor elementor-38597\">\n\t\t\t\t\t\t<section class=\"elementor-section elementor-top-section elementor-element elementor-element-0180bdc elementor-hidden-mobile elementor-hidden-tablet elementor-section-boxed elementor-section-height-default elementor-section-height-default\" data-id=\"0180bdc\" data-element_type=\"section\">\n\t\t\t\t\t\t<div class=\"elementor-container elementor-column-gap-default\">\n\t\t\t\t\t<div class=\"elementor-column elementor-col-100 elementor-top-column elementor-element elementor-element-41a1328\" data-id=\"41a1328\" data-element_type=\"column\">\n\t\t\t<div class=\"elementor-widget-wrap elementor-element-populated\">\n\t\t\t\t\t\t<div class=\"elementor-element elementor-element-201b9a1 elementor-widget__width-initial elementor-widget elementor-widget-heading\" data-id=\"201b9a1\" data-element_type=\"widget\" data-widget_type=\"heading.default\">\n\t\t\t\t<div class=\"elementor-widget-container\">\n\t\t\t<h2 class=\"elementor-heading-title elementor-size-default\"><h2 data-elementor-setting-key=\"title\" data-pen-placeholder=\"\u00c9crivez ici...\" style=\"background-color: rgb(255, 255, 255); color: rgb(114, 112, 112); letter-spacing: normal;\"><span style=\"background-color: rgb(255, 255, 255); color: var( --e-global-color-text ); font-size: 35px; font-weight: 600;\">Tourn\u00e9es de livraisons<\/span><span style=\"color: rgb(159, 159, 159); font-size: 35px; font-weight: 600; letter-spacing: 0.2px;\"><\/span><\/h2><\/h2>\t\t<\/div>\n\t\t\t\t<\/div>\n\t\t\t\t\t<\/div>\n\t\t<\/div>\n\t\t\t\t\t<\/div>\n\t\t<\/section>\n\t\t\t\t<section class=\"elementor-section elementor-top-section elementor-element elementor-element-46a3bc9 elementor-hidden-tablet elementor-hidden-phone elementor-section-boxed elementor-section-height-default elementor-section-height-default\" data-id=\"46a3bc9\" data-element_type=\"section\">\n\t\t\t\t\t\t<div class=\"elementor-container elementor-column-gap-default\">\n\t\t\t\t\t<div class=\"elementor-column elementor-col-100 elementor-top-column elementor-element elementor-element-700a1c9\" data-id=\"700a1c9\" data-element_type=\"column\" data-settings=\"{&quot;background_background&quot;:&quot;classic&quot;}\">\n\t\t\t<div class=\"elementor-widget-wrap elementor-element-populated\">\n\t\t\t\t\t\t<section class=\"elementor-section elementor-inner-section elementor-element elementor-element-fbfd013 elementor-section-boxed elementor-section-height-default elementor-section-height-default\" data-id=\"fbfd013\" data-element_type=\"section\">\n\t\t\t\t\t\t<div class=\"elementor-container elementor-column-gap-default\">\n\t\t\t\t\t<div class=\"elementor-column elementor-col-33 elementor-inner-column elementor-element elementor-element-51eb62a\" data-id=\"51eb62a\" data-element_type=\"column\">\n\t\t\t<div class=\"elementor-widget-wrap\">\n\t\t\t\t\t\t\t<\/div>\n\t\t<\/div>\n\t\t\t\t<div class=\"elementor-column elementor-col-33 elementor-inner-column elementor-element elementor-element-b868b3f\" data-id=\"b868b3f\" data-element_type=\"column\">\n\t\t\t<div class=\"elementor-widget-wrap elementor-element-populated\">\n\t\t\t\t\t\t<div class=\"elementor-element elementor-element-f304ce9 elementor-widget elementor-widget-spacer\" data-id=\"f304ce9\" data-element_type=\"widget\" data-widget_type=\"spacer.default\">\n\t\t\t\t<div class=\"elementor-widget-container\">\n\t\t\t\t\t<div class=\"elementor-spacer\">\n\t\t\t<div class=\"elementor-spacer-inner\"><\/div>\n\t\t<\/div>\n\t\t\t\t<\/div>\n\t\t\t\t<\/div>\n\t\t\t\t<div class=\"elementor-element elementor-element-b4b9acb elementor-widget elementor-widget-heading\" data-id=\"b4b9acb\" data-element_type=\"widget\" data-widget_type=\"heading.default\">\n\t\t\t\t<div class=\"elementor-widget-container\">\n\t\t\t<h2 class=\"elementor-heading-title elementor-size-default\">Lundi:<\/h2>\t\t<\/div>\n\t\t\t\t<\/div>\n\t\t\t\t<div class=\"elementor-element elementor-element-c6e07a9 elementor-widget elementor-widget-heading\" data-id=\"c6e07a9\" data-element_type=\"widget\" data-widget_type=\"heading.default\">\n\t\t\t\t<div class=\"elementor-widget-container\">\n\t\t\t<h2 class=\"elementor-heading-title elementor-size-default\">Mardi:<\/h2>\t\t<\/div>\n\t\t\t\t<\/div>\n\t\t\t\t<div class=\"elementor-element elementor-element-069e188 elementor-widget elementor-widget-heading\" data-id=\"069e188\" data-element_type=\"widget\" data-widget_type=\"heading.default\">\n\t\t\t\t<div class=\"elementor-widget-container\">\n\t\t\t<h2 class=\"elementor-heading-title elementor-size-default\">Mercredi:<\/h2>\t\t<\/div>\n\t\t\t\t<\/div>\n\t\t\t\t<div class=\"elementor-element elementor-element-02cbdfd elementor-widget elementor-widget-heading\" data-id=\"02cbdfd\" data-element_type=\"widget\" data-widget_type=\"heading.default\">\n\t\t\t\t<div class=\"elementor-widget-container\">\n\t\t\t<h2 class=\"elementor-heading-title elementor-size-default\">Jeudi:<\/h2>\t\t<\/div>\n\t\t\t\t<\/div>\n\t\t\t\t<div class=\"elementor-element elementor-element-d414bd9 elementor-widget elementor-widget-heading\" data-id=\"d414bd9\" data-element_type=\"widget\" data-widget_type=\"heading.default\">\n\t\t\t\t<div class=\"elementor-widget-container\">\n\t\t\t<h2 class=\"elementor-heading-title elementor-size-default\">Vendredi:<\/h2>\t\t<\/div>\n\t\t\t\t<\/div>\n\t\t\t\t<div class=\"elementor-element elementor-element-0e7042c elementor-widget elementor-widget-spacer\" data-id=\"0e7042c\" data-element_type=\"widget\" data-widget_type=\"spacer.default\">\n\t\t\t\t<div class=\"elementor-widget-container\">\n\t\t\t\t\t<div class=\"elementor-spacer\">\n\t\t\t<div class=\"elementor-spacer-inner\"><\/div>\n\t\t<\/div>\n\t\t\t\t<\/div>\n\t\t\t\t<\/div>\n\t\t\t\t\t<\/div>\n\t\t<\/div>\n\t\t\t\t<div class=\"elementor-column elementor-col-33 elementor-inner-column elementor-element elementor-element-05a821b\" data-id=\"05a821b\" data-element_type=\"column\">\n\t\t\t<div class=\"elementor-widget-wrap elementor-element-populated\">\n\t\t\t\t\t\t<div class=\"elementor-element elementor-element-ae7654f elementor-widget elementor-widget-spacer\" data-id=\"ae7654f\" data-element_type=\"widget\" data-widget_type=\"spacer.default\">\n\t\t\t\t<div class=\"elementor-widget-container\">\n\t\t\t\t\t<div class=\"elementor-spacer\">\n\t\t\t<div class=\"elementor-spacer-inner\"><\/div>\n\t\t<\/div>\n\t\t\t\t<\/div>\n\t\t\t\t<\/div>\n\t\t\t\t<div class=\"elementor-element elementor-element-454737e elementor-widget elementor-widget-text-editor\" data-id=\"454737e\" data-element_type=\"widget\" data-widget_type=\"text-editor.default\">\n\t\t\t\t<div class=\"elementor-widget-container\">\n\t\t\t\t\t\t\t<p>Lucerne, Soleure &amp; Jura<\/p>\t\t\t\t\t\t<\/div>\n\t\t\t\t<\/div>\n\t\t\t\t<div class=\"elementor-element elementor-element-f3efa40 elementor-widget elementor-widget-text-editor\" data-id=\"f3efa40\" data-element_type=\"widget\" data-widget_type=\"text-editor.default\">\n\t\t\t\t<div class=\"elementor-widget-container\">\n\t\t\t\t\t\t\t<p>Fribourg &amp; Berne<\/p>\t\t\t\t\t\t<\/div>\n\t\t\t\t<\/div>\n\t\t\t\t<div class=\"elementor-element elementor-element-7ff652f elementor-widget elementor-widget-text-editor\" data-id=\"7ff652f\" data-element_type=\"widget\" data-widget_type=\"text-editor.default\">\n\t\t\t\t<div class=\"elementor-widget-container\">\n\t\t\t\t\t\t\t<p>Lausanne &amp; Gen\u00e8ve<\/p>\t\t\t\t\t\t<\/div>\n\t\t\t\t<\/div>\n\t\t\t\t<div class=\"elementor-element elementor-element-424bca3 elementor-widget elementor-widget-text-editor\" data-id=\"424bca3\" data-element_type=\"widget\" data-widget_type=\"text-editor.default\">\n\t\t\t\t<div class=\"elementor-widget-container\">\n\t\t\t\t\t\t\t<p>Valais<\/p>\t\t\t\t\t\t<\/div>\n\t\t\t\t<\/div>\n\t\t\t\t<div class=\"elementor-element elementor-element-a6f6d08 elementor-widget elementor-widget-text-editor\" data-id=\"a6f6d08\" data-element_type=\"widget\" data-widget_type=\"text-editor.default\">\n\t\t\t\t<div class=\"elementor-widget-container\">\n\t\t\t\t\t\t\t<p>Neuch\u00e2tel, Broye &amp; Berne<\/p>\t\t\t\t\t\t<\/div>\n\t\t\t\t<\/div>\n\t\t\t\t\t<\/div>\n\t\t<\/div>\n\t\t\t\t\t<\/div>\n\t\t<\/section>\n\t\t\t\t\t<\/div>\n\t\t<\/div>\n\t\t\t\t\t<\/div>\n\t\t<\/section>\n\t\t\t\t<section class=\"elementor-section elementor-top-section elementor-element elementor-element-cbebd2c elementor-hidden-desktop elementor-hidden-mobile elementor-section-boxed elementor-section-height-default elementor-section-height-default\" data-id=\"cbebd2c\" data-element_type=\"section\">\n\t\t\t\t\t\t<div class=\"elementor-container elementor-column-gap-default\">\n\t\t\t\t\t<div class=\"elementor-column elementor-col-100 elementor-top-column elementor-element elementor-element-d875b14\" data-id=\"d875b14\" data-element_type=\"column\">\n\t\t\t<div class=\"elementor-widget-wrap elementor-element-populated\">\n\t\t\t\t\t\t<div class=\"elementor-element elementor-element-65c5b45 elementor-widget elementor-widget-heading\" data-id=\"65c5b45\" data-element_type=\"widget\" data-widget_type=\"heading.default\">\n\t\t\t\t<div class=\"elementor-widget-container\">\n\t\t\t<h2 class=\"elementor-heading-title elementor-size-default\">Tourn\u00e9es de livraisons<\/h2>\t\t<\/div>\n\t\t\t\t<\/div>\n\t\t\t\t\t<\/div>\n\t\t<\/div>\n\t\t\t\t\t<\/div>\n\t\t<\/section>\n\t\t\t\t<section class=\"elementor-section elementor-top-section elementor-element elementor-element-997170d elementor-hidden-phone elementor-section-boxed elementor-section-height-default elementor-section-height-default\" data-id=\"997170d\" data-element_type=\"section\">\n\t\t\t\t\t\t<div class=\"elementor-container elementor-column-gap-default\">\n\t\t\t\t\t<div class=\"elementor-column elementor-col-100 elementor-top-column elementor-element elementor-element-9fd1de0 elementor-hidden-desktop elementor-hidden-mobile\" data-id=\"9fd1de0\" data-element_type=\"column\" data-settings=\"{&quot;background_background&quot;:&quot;classic&quot;}\">\n\t\t\t<div class=\"elementor-widget-wrap elementor-element-populated\">\n\t\t\t\t\t\t<section class=\"elementor-section elementor-inner-section elementor-element elementor-element-5478dea elementor-section-boxed elementor-section-height-default elementor-section-height-default\" data-id=\"5478dea\" data-element_type=\"section\">\n\t\t\t\t\t\t<div class=\"elementor-container elementor-column-gap-default\">\n\t\t\t\t\t<div class=\"elementor-column elementor-col-100 elementor-inner-column elementor-element elementor-element-a92055f\" data-id=\"a92055f\" data-element_type=\"column\">\n\t\t\t<div class=\"elementor-widget-wrap elementor-element-populated\">\n\t\t\t\t\t\t<div class=\"elementor-element elementor-element-c7fcce4 elementor-widget elementor-widget-spacer\" data-id=\"c7fcce4\" data-element_type=\"widget\" data-widget_type=\"spacer.default\">\n\t\t\t\t<div class=\"elementor-widget-container\">\n\t\t\t\t\t<div class=\"elementor-spacer\">\n\t\t\t<div class=\"elementor-spacer-inner\"><\/div>\n\t\t<\/div>\n\t\t\t\t<\/div>\n\t\t\t\t<\/div>\n\t\t\t\t\t<\/div>\n\t\t<\/div>\n\t\t\t\t\t<\/div>\n\t\t<\/section>\n\t\t\t\t\t<\/div>\n\t\t<\/div>\n\t\t\t\t\t<\/div>\n\t\t<\/section>\n\t\t\t\t<section class=\"elementor-section elementor-top-section elementor-element elementor-element-fab345f elementor-hidden-desktop elementor-hidden-mobile elementor-section-boxed elementor-section-height-default elementor-section-height-default\" data-id=\"fab345f\" data-element_type=\"section\">\n\t\t\t\t\t\t<div class=\"elementor-container elementor-column-gap-default\">\n\t\t\t\t\t<div class=\"elementor-column elementor-col-100 elementor-top-column elementor-element elementor-element-295b402\" data-id=\"295b402\" data-element_type=\"column\">\n\t\t\t<div class=\"elementor-widget-wrap elementor-element-populated\">\n\t\t\t\t\t\t<div class=\"elementor-element elementor-element-4e5db6b elementor-widget__width-initial elementor-widget-tablet__width-initial elementor-widget elementor-widget-text-editor\" data-id=\"4e5db6b\" data-element_type=\"widget\" data-widget_type=\"text-editor.default\">\n\t\t\t\t<div class=\"elementor-widget-container\">\n\t\t\t\t\t\t\t<p><span style=\"color: #509b70; font-size: 25px; background-color: #ffffff;\"><span style=\"color: #3b6c3f;\"><span style=\"color: #515151;\">Lundi:<\/span>&nbsp;<\/span><br><span style=\"color: #515151;\">Mardi:<\/span><\/span><strong><br><\/strong><span style=\"color: #5da14a; font-size: 25px; background-color: #ffffff;\"><span style=\"color: #515151;\">Mercredi:<\/span>&nbsp;<\/span><strong><br><\/strong><span style=\"color: #99cc66; font-size: 25px; background-color: #ffffff;\"><span style=\"color: #515151;\">Jeudi:<\/span>&nbsp;<\/span><strong><br><\/strong><span style=\"background-color: #ffffff; color: #99cc99; font-size: 25px;\"><span style=\"color: #515151;\">Vendredi:<\/span><\/span><strong><br><\/strong><\/p>\t\t\t\t\t\t<\/div>\n\t\t\t\t<\/div>\n\t\t\t\t<div class=\"elementor-element elementor-element-ecded7c elementor-widget__width-initial elementor-widget-tablet__width-initial elementor-widget elementor-widget-text-editor\" data-id=\"ecded7c\" data-element_type=\"widget\" data-widget_type=\"text-editor.default\">\n\t\t\t\t<div class=\"elementor-widget-container\">\n\t\t\t\t\t\t\t<p><span style=\"color: #509b70; font-size: 25px; background-color: #ffffff;\"><span style=\"color: #3b6c3f;\">Lucerne, Soleure &amp; Jura<\/span><br \/>Fribourg &amp; Berne<\/span><strong><br \/><\/strong><span style=\"color: #5da14a; font-size: 25px; background-color: #ffffff;\">Lausanne &amp; Gen\u00e8ve<\/span><strong><br \/><\/strong><span style=\"color: #99cc66; font-size: 25px; background-color: #ffffff;\">Valais<\/span><strong><br \/><\/strong><span style=\"background-color: #ffffff; color: #99cc99; font-size: 25px;\">Neuch\u00e2tel, Broye &amp; Berne<\/span><strong><br \/><\/strong><\/p>\t\t\t\t\t\t<\/div>\n\t\t\t\t<\/div>\n\t\t\t\t\t<\/div>\n\t\t<\/div>\n\t\t\t\t\t<\/div>\n\t\t<\/section>\n\t\t\t\t<section class=\"elementor-section elementor-top-section elementor-element elementor-element-2dade66 elementor-hidden-desktop elementor-section-boxed elementor-section-height-default elementor-section-height-default\" data-id=\"2dade66\" data-element_type=\"section\">\n\t\t\t\t\t\t<div class=\"elementor-container elementor-column-gap-default\">\n\t\t\t\t\t<div class=\"elementor-column elementor-col-100 elementor-top-column elementor-element elementor-element-8b290b6 elementor-hidden-desktop elementor-hidden-tablet\" data-id=\"8b290b6\" data-element_type=\"column\">\n\t\t\t<div class=\"elementor-widget-wrap elementor-element-populated\">\n\t\t\t\t\t\t<div class=\"elementor-element elementor-element-56a3f9e elementor-widget elementor-widget-heading\" data-id=\"56a3f9e\" data-element_type=\"widget\" data-widget_type=\"heading.default\">\n\t\t\t\t<div class=\"elementor-widget-container\">\n\t\t\t<h2 class=\"elementor-heading-title elementor-size-default\">Tourn\u00e9es de livraisons<\/h2>\t\t<\/div>\n\t\t\t\t<\/div>\n\t\t\t\t\t<\/div>\n\t\t<\/div>\n\t\t\t\t\t<\/div>\n\t\t<\/section>\n\t\t\t\t<section class=\"elementor-section elementor-top-section elementor-element elementor-element-114d221 elementor-hidden-desktop elementor-hidden-tablet elementor-section-boxed elementor-section-height-default elementor-section-height-default\" data-id=\"114d221\" data-element_type=\"section\">\n\t\t\t\t\t\t<div class=\"elementor-container elementor-column-gap-default\">\n\t\t\t\t\t<div class=\"elementor-column elementor-col-100 elementor-top-column elementor-element elementor-element-62c92bb\" data-id=\"62c92bb\" data-element_type=\"column\">\n\t\t\t<div class=\"elementor-widget-wrap elementor-element-populated\">\n\t\t\t\t\t\t<div class=\"elementor-element elementor-element-f6c49ea elementor-widget elementor-widget-image\" data-id=\"f6c49ea\" data-element_type=\"widget\" data-widget_type=\"image.default\">\n\t\t\t\t<div class=\"elementor-widget-container\">\n\t\t\t\t\t\t\t\t\t\t\t\t\t<img fetchpriority=\"high\" fetchpriority=\"high\" decoding=\"async\" width=\"1024\" height=\"558\" src=\"https:\/\/ldk.swiss\/wp-content\/uploads\/2021\/12\/Carte-des-livraisons-1024x558.jpg\" class=\"attachment-large size-large wp-image-40319\" alt=\"\" srcset=\"https:\/\/ldk.swiss\/wp-content\/uploads\/2021\/12\/Carte-des-livraisons-980x534.jpg 980w, https:\/\/ldk.swiss\/wp-content\/uploads\/2021\/12\/Carte-des-livraisons-480x262.jpg 480w\" sizes=\"(min-width: 0px) and (max-width: 480px) 480px, (min-width: 481px) and (max-width: 980px) 980px, (min-width: 981px) 1024px, 100vw\" \/>\t\t\t\t\t\t\t\t\t\t\t\t\t<\/div>\n\t\t\t\t<\/div>\n\t\t\t\t\t<\/div>\n\t\t<\/div>\n\t\t\t\t\t<\/div>\n\t\t<\/section>\n\t\t\t\t<section class=\"elementor-section elementor-top-section elementor-element elementor-element-ffdbc99 elementor-hidden-desktop elementor-hidden-tablet elementor-section-boxed elementor-section-height-default elementor-section-height-default\" data-id=\"ffdbc99\" data-element_type=\"section\">\n\t\t\t\t\t\t<div class=\"elementor-container elementor-column-gap-default\">\n\t\t\t\t\t<div class=\"elementor-column elementor-col-100 elementor-top-column elementor-element elementor-element-ce7aa88\" data-id=\"ce7aa88\" data-element_type=\"column\">\n\t\t\t<div class=\"elementor-widget-wrap elementor-element-populated\">\n\t\t\t\t\t\t<div class=\"elementor-element elementor-element-7e0db69 elementor-widget__width-initial elementor-widget-tablet__width-initial elementor-widget elementor-widget-text-editor\" data-id=\"7e0db69\" data-element_type=\"widget\" data-widget_type=\"text-editor.default\">\n\t\t\t\t<div class=\"elementor-widget-container\">\n\t\t\t\t\t\t\t<p><span style=\"color: #509b70; background-color: #ffffff;\"><span style=\"color: #3b6c3f;\"><span style=\"color: #515151;\">Lundi:<\/span> <br \/><\/span><span style=\"color: #515151;\">Mardi:<\/span><\/span><strong><br \/><\/strong><span style=\"color: #5da14a; background-color: #ffffff;\"><span style=\"color: #515151;\">Mercredi:<\/span>\u00a0<\/span><strong><br \/><\/strong><span style=\"color: #99cc66; background-color: #ffffff;\"><span style=\"color: #515151;\">Jeudi:<\/span>\u00a0<\/span><strong><br \/><\/strong><span style=\"background-color: #ffffff; color: #99cc99;\"><span style=\"color: #515151;\">Vendredi:<\/span><\/span><strong><br \/><\/strong><\/p>\t\t\t\t\t\t<\/div>\n\t\t\t\t<\/div>\n\t\t\t\t<div class=\"elementor-element elementor-element-15916b4 elementor-widget__width-initial elementor-widget-tablet__width-initial elementor-widget elementor-widget-text-editor\" data-id=\"15916b4\" data-element_type=\"widget\" data-widget_type=\"text-editor.default\">\n\t\t\t\t<div class=\"elementor-widget-container\">\n\t\t\t\t\t\t\t<p><span style=\"color: #509b70; background-color: #ffffff;\"><span style=\"color: #3b6c3f;\">Lucerne, Soleure &amp; Jura<br \/><\/span>Fribourg &amp; Berne<\/span><strong><br \/><\/strong><span style=\"color: #5da14a; background-color: #ffffff;\">Lausanne &amp; Gen\u00e8ve<\/span><strong><br \/><\/strong><span style=\"color: #99cc66; background-color: #ffffff;\">Valais<\/span><strong><br \/><\/strong><span style=\"background-color: #ffffff; color: #99cc99;\">Neuch\u00e2tel, Broye &amp; Berne<\/span><strong><br \/><\/strong><\/p>\t\t\t\t\t\t<\/div>\n\t\t\t\t<\/div>\n\t\t\t\t\t<\/div>\n\t\t<\/div>\n\t\t\t\t\t<\/div>\n\t\t<\/section>\n\t\t\t\t<section class=\"elementor-section elementor-top-section elementor-element elementor-element-4d49150 elementor-hidden-desktop elementor-hidden-tablet elementor-hidden-mobile elementor-section-boxed elementor-section-height-default elementor-section-height-default\" data-id=\"4d49150\" data-element_type=\"section\" data-settings=\"{&quot;background_background&quot;:&quot;slideshow&quot;,&quot;background_slideshow_gallery&quot;:[{&quot;id&quot;:38894,&quot;url&quot;:&quot;https:\\\/\\\/ldk.swiss\\\/wp-content\\\/uploads\\\/2021\\\/04\\\/Carte_Livraison_OK_Plan-de-travail-1_Plan-de-travail-1.jpg&quot;}],&quot;background_slideshow_slide_duration&quot;:0,&quot;background_slideshow_transition_duration&quot;:0,&quot;background_slideshow_slide_transition&quot;:&quot;fade&quot;}\">\n\t\t\t\t\t\t<div class=\"elementor-container elementor-column-gap-default\">\n\t\t\t\t\t<div class=\"elementor-column elementor-col-100 elementor-top-column elementor-element elementor-element-2f10723 elementor-hidden-desktop elementor-hidden-tablet\" data-id=\"2f10723\" data-element_type=\"column\" data-settings=\"{&quot;background_background&quot;:&quot;classic&quot;}\">\n\t\t\t<div class=\"elementor-widget-wrap elementor-element-populated\">\n\t\t\t\t\t\t<section class=\"elementor-section elementor-inner-section elementor-element elementor-element-c11f434 elementor-section-boxed elementor-section-height-default elementor-section-height-default\" data-id=\"c11f434\" data-element_type=\"section\">\n\t\t\t\t\t\t<div class=\"elementor-container elementor-column-gap-default\">\n\t\t\t\t\t<div class=\"elementor-column elementor-col-50 elementor-inner-column elementor-element elementor-element-318e8bb\" data-id=\"318e8bb\" data-element_type=\"column\">\n\t\t\t<div class=\"elementor-widget-wrap\">\n\t\t\t\t\t\t\t<\/div>\n\t\t<\/div>\n\t\t\t\t<div class=\"elementor-column elementor-col-50 elementor-inner-column elementor-element elementor-element-e026962\" data-id=\"e026962\" data-element_type=\"column\" data-settings=\"{&quot;background_background&quot;:&quot;classic&quot;}\">\n\t\t\t<div class=\"elementor-widget-wrap elementor-element-populated\">\n\t\t\t\t\t\t<div class=\"elementor-element elementor-element-f2bc104 elementor-widget elementor-widget-text-editor\" data-id=\"f2bc104\" data-element_type=\"widget\" data-widget_type=\"text-editor.default\">\n\t\t\t\t<div class=\"elementor-widget-container\">\n\t\t\t\t\t\t\t<p>Lundi: <span style=\"color: #3b6c3f;\"><strong>Lucerne, Soleure &amp; Jura<\/strong><\/span><strong><br \/><\/strong>Mardi:<strong><span style=\"color: #509b70;\"> Fribourg &amp; Berne<\/span><br \/><\/strong>Mercredi:<strong><span style=\"color: #5da14a;\"> Lausanne &amp; Gen\u00e8ve<\/span><br \/><\/strong>Jeudi:<strong><span style=\"color: #5da14a;\"> Valais<\/span><br \/><\/strong>Vendredi:<strong><span style=\"color: #99cc99;\"> Neuch\u00e2tel, Broye &amp; Berne<\/span><br \/><\/strong><\/p>\t\t\t\t\t\t<\/div>\n\t\t\t\t<\/div>\n\t\t\t\t\t<\/div>\n\t\t<\/div>\n\t\t\t\t\t<\/div>\n\t\t<\/section>\n\t\t\t\t\t<\/div>\n\t\t<\/div>\n\t\t\t\t\t<\/div>\n\t\t<\/section>\n\t\t\t\t<\/div>\n\t\t","protected":false},"excerpt":{"rendered":"<p>Tourn\u00e9es de livraisons Lundi: Mardi: Mercredi: Jeudi: Vendredi: Lucerne, Soleure &amp; Jura Fribourg &amp; Berne Lausanne &amp; Gen\u00e8ve Valais Neuch\u00e2tel, Broye &amp; Berne Tourn\u00e9es de livraisons Lundi:&nbsp;Mardi:Mercredi:&nbsp;Jeudi:&nbsp;Vendredi: Lucerne, Soleure &amp; JuraFribourg &amp; BerneLausanne &amp; Gen\u00e8veValaisNeuch\u00e2tel, Broye &amp; Berne Tourn\u00e9es de livraisons Lundi: Mardi:Mercredi:\u00a0Jeudi:\u00a0Vendredi: Lucerne, Soleure &amp; JuraFribourg &amp; BerneLausanne &amp; Gen\u00e8veValaisNeuch\u00e2tel, Broye &amp; Berne Lundi: [&hellip;]<\/p>\n","protected":false},"author":1,"featured_media":0,"parent":0,"menu_order":0,"comment_status":"closed","ping_status":"closed","template":"elementor_header_footer","meta":{"_et_pb_use_builder":"","_et_pb_old_content":"","_et_gb_content_width":"","footnotes":""},"_links":{"self":[{"href":"https:\/\/ldk.swiss\/fr\/wp-json\/wp\/v2\/pages\/38597"}],"collection":[{"href":"https:\/\/ldk.swiss\/fr\/wp-json\/wp\/v2\/pages"}],"about":[{"href":"https:\/\/ldk.swiss\/fr\/wp-json\/wp\/v2\/types\/page"}],"author":[{"embeddable":true,"href":"https:\/\/ldk.swiss\/fr\/wp-json\/wp\/v2\/users\/1"}],"replies":[{"embeddable":true,"href":"https:\/\/ldk.swiss\/fr\/wp-json\/wp\/v2\/comments?post=38597"}],"version-history":[{"count":192,"href":"https:\/\/ldk.swiss\/fr\/wp-json\/wp\/v2\/pages\/38597\/revisions"}],"predecessor-version":[{"id":42776,"href":"https:\/\/ldk.swiss\/fr\/wp-json\/wp\/v2\/pages\/38597\/revisions\/42776"}],"wp:attachment":[{"href":"https:\/\/ldk.swiss\/fr\/wp-json\/wp\/v2\/media?parent=38597"}],"curies":[{"name":"wp","href":"https:\/\/api.w.org\/{rel}","templated":true}]}}